{"id":3759,"date":"2022-07-20T10:17:51","date_gmt":"2021-12-30T11:37:21","guid":{"rendered":"https:\/\/radar-shop.com\/produkt\/pacchetto-professionale-genevo-assist\/"},"modified":"2026-04-06T20:33:27","modified_gmt":"2026-04-06T18:33:27","slug":"pacchetto-professionale-genevo-assist","status":"publish","type":"product","link":"https:\/\/radar-shop.com\/it\/prodotto\/pacchetto-professionale-genevo-assist\/","title":{"rendered":"PACCHETTO PROFESSIONALE (GENEVO ASSIST)"},"content":{"rendered":"<h2><strong><span style=\"color: #000080;\">PACCHETTO PROFESSIONALE (GENEVO ASSIST)<\/span><\/strong><br \/>\n<strong>ASSISTENZA GENEVO<\/strong> <strong>ASSIST PRO 2 HDM+ RADAR <\/strong><strong>+<\/strong> ANTILASER ALP PRIORITY<strong> DUAL BLOCKER<\/strong><\/h2>\n<ul>\n<li>Stai cercando un sistema di allarme radar assolutamente invisibile, integrato e non mirabile per l&#8217;Italia e l&#8217;Europa?<\/li>\n<li>Desideri un&#8217;installazione nascosta di tutti i componenti nella parte anteriore del veicolo e all&#8217;interno del veicolo?<\/li>\n<li>Non apprezzi un display separato e un display di configurazione nel cockpit?<\/li>\n<\/ul>\n<h3><strong>Il nuovissimo sistema completo Genevo Assist<\/strong><\/h3>\n<p align=\"justify\">Genevo Assist \u00e8 costituito da un&#8217;antenna radar di alta qualit\u00e0, un ricevitore GPS associato per avvertire di autovelox fissi (scatole stellari), due jammer laser di fascia alta e un altoparlante. L&#8217;unit\u00e0 centrale, che controlla centralmente tutti i componenti tramite software, \u00e8 unica. Questo viene gestito semplicemente tramite una chiavetta USB con installato il programma di configurazione, che pu\u00f2 essere facilmente aggiornato con il PC.<\/p>\n<p align=\"justify\">Il vantaggio del sistema Genevo Assist \u00e8 evidente: tutti i componenti sono installati completamente nascosti nel veicolo &#8211; l&#8217;installazione discreta \u00e8 possibile nell&#8217;abitacolo, solo un mini-controller con display per il funzionamento dell&#8217;intero sistema deve essere posizionato in modo che sia accessibile a l&#8217;autista.<\/p>\n<p>Questo pu\u00f2 essere fatto sotto il volante, per esempio. In questo modo, l&#8217;aspetto accattivante dell&#8217;interno del vostro veicolo di alta qualit\u00e0 non viene disturbato, e permette anche di utilizzare il sistema in modo assolutamente discreto durante la guida. Il altoparlante nascosto vi avviser\u00e0 naturalmente quando vi avvicinate a un autovelox.<\/p>\n<p>I disturbatori laser integrati offrono una protezione completa; questi possono essere configurati comodamente secondo le vostre esigenze utilizzando il programma di configurazione. Sono ovviamente possibili diverse opzioni di configurazione, come la soppressione degli allarmi al di sotto di una velocit\u00e0 soglia regolabile.<\/p>\n<p>Il sistema riconosce anche le telecamere Poliscan e TraffiStar, sempre pi\u00f9 diffuse.<\/p>\n<h3><strong>I vantaggi di Genevo Assist in sintesi:<\/strong><\/h3>\n<ul>\n<li>Sistema completo integrato con singoli componenti di alta qualit\u00e0<\/li>\n<li>contro radar, laser, autovelox fissi, controllo sezioni e molto altro, quindi pu\u00f2 essere utilizzato in tutta Europa senza problemi<\/li>\n<li>mini display magneticamente removibile in pozzetto<\/li>\n<li>Avvisi acustici<\/li>\n<li>molto piccolo e poco appariscente posizionabile<\/li>\n<li>Comoda configurazione tramite un programma sul PC<\/li>\n<li>una volta impostato &#8211; nessuna ulteriore regolazione nel veicolo<\/li>\n<li>Aggiornamento del database a vita e gratuito tramite USB<\/li>\n<li>Controllo centralizzato di tutti i componenti tramite software intelligente<\/li>\n<\/ul>\n<p align=\"justify\"><strong><span style=\"color: #000000;\">Non sei sicuro di come sar\u00e0 un&#8217;installazione nascosta nel tuo veicolo?<br \/>\nGuarda i video:<\/span><\/strong><\/p>\n<p><a href=\"\/de\/radarwarner-einbau-videos-tipps\/\"><img loading=\"lazy\" decoding=\"async\" class=\"alignnone wp-image-4352 size-full\" src=\"\/wp-content\/uploads\/Video-Radarwarner-Radar-detector-Detecteur-Rivelatori.jpg\" alt=\"Video Radarwarner Radar detector Detecteur Rivelatori\" width=\"500\" height=\"80\" \/><\/a><\/p>\n<p align=\"justify\">Se sei interessato, meccanici \/ elettricisti professionisti esperti possono installare il sistema completo Genevo Assist in modo molto flessibile e discreto, ad esempio a Heidelberg (di solito il venerd\u00ec pomeriggio, i fine settimana). Il tempo di installazione \u00e8 solitamente di 2-5 ore a seconda del sistema, ma pu\u00f2 essere un po&#8217; pi\u00f9 lungo per le auto esotiche. Naturalmente i tecnici discuteranno in anticipo con voi personalmente le opzioni di installazione. Avrai un&#8217;idea di come sar\u00e0 la soluzione in anticipo. Potresti usare il tempo per un tour della citt\u00e0 durante l&#8217;installazione. Molti clienti sono molto contenti di questa opportunit\u00e0. Le difficolt\u00e0 possono sorgere solo in rari casi, ad esempio se non c&#8217;\u00e8 abbastanza spazio nella parte anteriore del veicolo o semplicemente lo smontaggio di parti della carrozzeria richiederebbe ore e sono necessari strumenti speciali. Se sei interessato a organizzare l&#8217;installazione dei dispositivi che hai ordinato, aggiungi questo articolo al carrello.<\/p>\n","protected":false},"excerpt":{"rendered":"<p><span style=\"color: #000080;\"><strong>RACCOMANDAZIONE NEGOZIO RADAR!<\/strong><\/span><\/p>\n<div>\n<h2><span style=\"color: #000080;\">PACCHETTO PROFESSIONALE (BASE GENEVO ASSIST PRO 2 HDM+)<\/span><\/h2>\n<p>&nbsp;<\/p>\n<\/div>\n<div>\n<p><strong>Non \u00e8 possibile avere una protezione maggiore:<\/strong> Il rilevatore radar Genevo Assist Pro 2 HDM con doppia protezione laser Antilaser ALP Priority \u00e8 un rilevatore radar di alta gamma integrato, comprensivo di avviso\/interferenza laser.<\/p>\n<p>Genevo Assist offre un display LED magnetico estremamente piccolo e, oltre al rilevatore radar e laser, una banca dati radar GPS integrata contro le trappole radar fisse. La potente antenna HDM+ rileva anche i nuovi sistemi mobili MultaRadar\/Gatso. Questo pacchetto offre protezione per tutta Europa. Disponibile immediatamente al prezzo del pacchetto con un <strong>vantaggio di 150 \u20ac.<\/strong><\/p>\n<\/div>\n","protected":false},"featured_media":3230,"comment_status":"open","ping_status":"closed","template":"","meta":{"_kad_post_transparent":"default","_kad_post_title":"","_kad_post_layout":"default","_kad_post_sidebar_id":"","_kad_post_content_style":"default","_kad_post_vertical_padding":"default","_kad_post_feature":"","_kad_post_feature_position":"","_kad_post_header":false,"_kad_post_footer":false,"_kad_post_classname":""},"product_brand":[],"product_cat":[1039,1040,942],"product_tag":[],"class_list":{"0":"post-3759","1":"product","2":"type-product","3":"status-publish","4":"has-post-thumbnail","6":"product_cat-pacchetti-di-rivelatori-radar-di-alta-gamma","7":"product_cat-raccomandazione-del-rilevatore-di-radar","8":"product_cat-genevo-it","10":"first","11":"instock","12":"sale","13":"taxable","14":"shipping-taxable","15":"purchasable","16":"product-type-simple","17":"entry","18":"content-bg","19":"loop-entry"},"jetpack_sharing_enabled":true,"_links":{"self":[{"href":"https:\/\/radar-shop.com\/it\/wp-json\/wp\/v2\/product\/3759","targetHints":{"allow":["GET"]}}],"collection":[{"href":"https:\/\/radar-shop.com\/it\/wp-json\/wp\/v2\/product"}],"about":[{"href":"https:\/\/radar-shop.com\/it\/wp-json\/wp\/v2\/types\/product"}],"replies":[{"embeddable":true,"href":"https:\/\/radar-shop.com\/it\/wp-json\/wp\/v2\/comments?post=3759"}],"wp:featuredmedia":[{"embeddable":true,"href":"https:\/\/radar-shop.com\/it\/wp-json\/wp\/v2\/media\/3230"}],"wp:attachment":[{"href":"https:\/\/radar-shop.com\/it\/wp-json\/wp\/v2\/media?parent=3759"}],"wp:term":[{"taxonomy":"product_brand","embeddable":true,"href":"https:\/\/radar-shop.com\/it\/wp-json\/wp\/v2\/product_brand?post=3759"},{"taxonomy":"product_cat","embeddable":true,"href":"https:\/\/radar-shop.com\/it\/wp-json\/wp\/v2\/product_cat?post=3759"},{"taxonomy":"product_tag","embeddable":true,"href":"https:\/\/radar-shop.com\/it\/wp-json\/wp\/v2\/product_tag?post=3759"}],"curies":[{"name":"wp","href":"https:\/\/api.w.org\/{rel}","templated":true}]}}