{"id":3773,"date":"2019-06-22T09:19:42","date_gmt":"2021-12-30T12:42:06","guid":{"rendered":"https:\/\/radar-shop.com\/produkt\/genevo-assist-hdm-e-antilaser-alp2\/"},"modified":"2025-07-11T12:37:17","modified_gmt":"2025-07-11T10:37:17","slug":"genevo-assist-hdm-e-antilaser-alp2","status":"publish","type":"product","link":"https:\/\/radar-shop.com\/it\/prodotto\/genevo-assist-hdm-e-antilaser-alp2\/","title":{"rendered":"GENEVO ASSIST HDM+ e Antilaser ALP2"},"content":{"rendered":"<h2><strong>GENEVO ASSIST HDM+ e Antilaser ALP2<\/strong><\/h2>\n<ul>\n<li>Stai cercando un sistema di allarme radar assolutamente invisibile, integrato e non mirabile per la Germania \/ Europa?<\/li>\n<li>Desideri un&#8217;installazione nascosta di tutti i componenti nella parte anteriore del veicolo e all&#8217;interno del veicolo?<\/li>\n<li>Non apprezzi un display separato e un display di configurazione nel cockpit?<\/li>\n<\/ul>\n<p><strong>Ginevra \u00e8 invisibile. Nessuna visualizzazione. Un solo pulsante. Non di pi\u00f9.<\/strong><\/p>\n<p align=\"justify\"><strong>Il sistema \u00e8 costituito da un&#8217;antenna radar di alta qualit\u00e0, un ricevitore GPS associato per avvertire di autovelox fissi (scatole stellari), jammer laser di fascia alta e un altoparlante.<\/strong> L&#8217;unit\u00e0 centrale, che controlla centralmente tutti i componenti tramite software, \u00e8 unica. Questo viene gestito semplicemente tramite una scheda SD con il programma di configurazione installato su di essa, che pu\u00f2 essere aperta direttamente dalla scheda sul PC. In questo modo, tutte le impostazioni relative alle frequenze scansionate, all&#8217;output vocale, ecc. possono essere configurate molto facilmente sul PC utilizzando la scheda SD. Una volta impostato, non sono necessarie ulteriori modifiche al o nel veicolo.<\/p>\n<p align=\"justify\"><strong>Il vantaggio del sistema \u00e8 evidente:<\/strong> tutti i componenti sono installati completamente nascosti nel veicolo &#8211; non \u00e8 necessario installare un display nell&#8217;abitacolo, solo il pulsante grande quanto un&#8217;unghia con una piccola luce a LED e un interruttore a punta per accendere l&#8217;intero sistema e spento dovrebbe essere accessibile al conducente essere posizionato.<\/p>\n<p align=\"justify\">Questo pu\u00f2 essere fatto sotto il volante, per esempio. Di conseguenza, l&#8217;aspetto accattivante all&#8217;interno del tuo veicolo di alta qualit\u00e0 non viene disturbato e consente inoltre di utilizzare il sistema in modo assolutamente discreto durante la guida. L&#8217;altoparlante nascosto ti avviser\u00e0 ovviamente in tedesco quando ti avvicini a un autovelox.<\/p>\n<p style=\"text-align: left;\" align=\"justify\"><strong>I laser interferenti integrati ALP2<\/strong> offrono una protezione completa; questi possono anche essere comodamente impostati secondo i vostri desideri utilizzando il programma di configurazione in tedesco. Naturalmente sono possibili anche diverse opzioni di impostazione come la soppressione degli allarmi al di sotto di una velocit\u00e0 di soglia regolabile.<\/p>\n<p style=\"text-align: left;\" align=\"justify\">Il sistema riconosce anche le sempre pi\u00f9 diffuse fotocamere Poliscan; si dovrebbe considerare solo un blocker eso 3.0 (ESOGuard Dual pu\u00f2 essere ordinato opzionalmente + 599) contro il sensore di misura a un solo lato eso 3.0, che viene utilizzato saltuariamente in Germania.<\/p>\n<p><strong>I vantaggi in sintesi:<\/strong><\/p>\n<ul>\n<li>Sistema completo integrato con componenti individuali di alta qualit\u00e0 contro radar, laser, autovelox fissi, controllo sezioni e molto altro, quindi pu\u00f2 essere utilizzato in tutta Europa senza problemi<\/li>\n<li>Non \u00e8 necessario montare un display nel cockpit<\/li>\n<li>Avvisi acustici in tedesco<\/li>\n<li>Gli interruttori possono essere posizionati molto piccoli e poco appariscenti<\/li>\n<li>Comoda configurazione in tedesco tramite un programma sul PC<\/li>\n<li>una volta impostato &#8211; nessuna ulteriore regolazione nel veicolo<\/li>\n<li>Aggiornamento del database a vita e gratuito tramite la scheda SD in dotazione<\/li>\n<li>Controllo centralizzato di tutti i componenti tramite software intelligente<\/li>\n<\/ul>\n<p align=\"justify\"><strong><span style=\"color: #000000;\">Non sei sicuro di come sar\u00e0 un&#8217;installazione nascosta nel tuo veicolo?<br \/>\nGuarda i video:<br \/>\n<\/span><\/strong><\/p>\n<p align=\"justify\"><img loading=\"lazy\" decoding=\"async\" class=\"aligncenter size-full wp-image-139\" src=\"https:\/\/www.radar-shop.eu\/wp-content\/uploads\/2017\/03\/Video_Radarwarner.jpg\" alt=\"\" width=\"500\" height=\"80\"><\/p>\n<p align=\"justify\">Se sei interessato, meccanici\/elettricisti professionisti esperti possono installare questi dispositivi in modo molto flessibile e discreto, ad esempio a Heidelberg (di solito il venerd\u00ec pomeriggio, i fine settimana). Il tempo di installazione \u00e8 solitamente di 2-5 ore a seconda del sistema, ma pu\u00f2 essere un po&#8217; pi\u00f9 lungo per le auto esotiche. I tecnici discuteranno ovviamente con te personalmente in anticipo le opzioni di installazione in modo che tu possa avere un&#8217;idea di come sar\u00e0 la soluzione in anticipo. Potresti usare il tempo per un tour della citt\u00e0 durante l&#8217;installazione. Molti clienti sono molto contenti di questa opportunit\u00e0. Le difficolt\u00e0 possono sorgere solo in rari casi, ad esempio se non c&#8217;\u00e8 abbastanza spazio nella parte anteriore del veicolo o semplicemente lo smontaggio di parti della carrozzeria richiederebbe ore e sono necessari strumenti speciali. Se sei interessato a organizzare l&#8217;installazione dei dispositivi che hai ordinato, aggiungi questo articolo al carrello.<\/p>\n","protected":false},"excerpt":{"rendered":"<p>Il rilevatore radar Genevo Assist PRO HDM + \u00e8 un rilevatore radar di fascia alta a montaggio fisso incl. Antilaser ALP2. Offre un display magnetico che pu\u00f2 essere utilizzato per azionare l&#8217;intero sistema.<\/p>\n","protected":false},"featured_media":3215,"comment_status":"open","ping_status":"closed","template":"","meta":{"_kad_post_transparent":"","_kad_post_title":"","_kad_post_layout":"","_kad_post_sidebar_id":"","_kad_post_content_style":"","_kad_post_vertical_padding":"","_kad_post_feature":"","_kad_post_feature_position":"","_kad_post_header":false,"_kad_post_footer":false,"_kad_post_classname":""},"product_brand":[],"product_cat":[942,1039,1040],"product_tag":[],"class_list":{"0":"post-3773","1":"product","2":"type-product","3":"status-publish","4":"has-post-thumbnail","6":"product_cat-genevo-it","7":"product_cat-pacchetti-di-rivelatori-radar-di-alta-gamma","8":"product_cat-raccomandazione-del-rilevatore-di-radar","10":"first","11":"instock","12":"sale","13":"taxable","14":"shipping-taxable","15":"purchasable","16":"product-type-simple","17":"entry","18":"content-bg","19":"loop-entry"},"jetpack_sharing_enabled":true,"_links":{"self":[{"href":"https:\/\/radar-shop.com\/it\/wp-json\/wp\/v2\/product\/3773","targetHints":{"allow":["GET"]}}],"collection":[{"href":"https:\/\/radar-shop.com\/it\/wp-json\/wp\/v2\/product"}],"about":[{"href":"https:\/\/radar-shop.com\/it\/wp-json\/wp\/v2\/types\/product"}],"replies":[{"embeddable":true,"href":"https:\/\/radar-shop.com\/it\/wp-json\/wp\/v2\/comments?post=3773"}],"wp:featuredmedia":[{"embeddable":true,"href":"https:\/\/radar-shop.com\/it\/wp-json\/wp\/v2\/media\/3215"}],"wp:attachment":[{"href":"https:\/\/radar-shop.com\/it\/wp-json\/wp\/v2\/media?parent=3773"}],"wp:term":[{"taxonomy":"product_brand","embeddable":true,"href":"https:\/\/radar-shop.com\/it\/wp-json\/wp\/v2\/product_brand?post=3773"},{"taxonomy":"product_cat","embeddable":true,"href":"https:\/\/radar-shop.com\/it\/wp-json\/wp\/v2\/product_cat?post=3773"},{"taxonomy":"product_tag","embeddable":true,"href":"https:\/\/radar-shop.com\/it\/wp-json\/wp\/v2\/product_tag?post=3773"}],"curies":[{"name":"wp","href":"https:\/\/api.w.org\/{rel}","templated":true}]}}