{"id":3784,"date":"2022-07-22T10:18:51","date_gmt":"2021-12-30T12:42:08","guid":{"rendered":"https:\/\/radar-shop.com\/produkt\/pacchetto-professionale-stinger-vip\/"},"modified":"2025-07-11T12:37:32","modified_gmt":"2025-07-11T10:37:32","slug":"pacchetto-professionale-stinger-vip","status":"publish","type":"product","link":"https:\/\/radar-shop.com\/it\/prodotto\/pacchetto-professionale-stinger-vip\/","title":{"rendered":"PACCHETTO PROFESSIONALE (STINGER VIP)"},"content":{"rendered":"<h2><span style=\"color: #000080;\">PACCHETTO PROFESSIONALE (BASE STINGER VIP)<\/span><br \/>\n<span style=\"color: #333333;\">STINGER VIP RADAR + LASER + PROTEZIONE COMPLETA ESO \/ AUTOVELOX<\/span><\/h2>\n<p style=\"font-weight: 400;\">STINGER VIP: Stai solo considerando un&#8217;installazione permanente? Date grande importanza all&#8217;alta professionalit\u00e0, alle massime prestazioni assolute unite ad un&#8217;elevata facilit\u00e0 d&#8217;uso per il vostro veicolo di alta qualit\u00e0 e ad alte prestazioni? Apprezzi sempre l&#8217;alta qualit\u00e0 e vuoi solo avere un dispositivo top di gamma installato nel tuo veicolo? Allora dovresti scegliere un dispositivo del marchio Stinger!<\/p>\n<p><b><strong>Troverai una risposta alla domanda su cosa rende i rilevatori radar Stinger cos\u00ec speciali se fai clic su &#8220;Perch\u00e9 Stinger?&#8221; clic.<br \/>\n<\/strong><\/b><br \/>\n<b><strong>Il sistema Stinger VIP + GPS + Laser + eso \u00e8 composto dai seguenti prodotti:<\/strong><\/b><br \/>\n Rilevatore radar Stinger VIP + GPS<br \/>\nLaser jammer Stinger Laser Analyzer +2 modulo con l&#8217;ultima soluzione in fibra ottica invisibile<br \/>\n2x Stinger eso 3.0 \/ optospeed jammer (per sinistra e destra &#8211; nascosto integrato in un portatarga)<\/p>\n<p style=\"font-weight: 400;\"><b><strong>Non sei sicuro di come sar\u00e0 un&#8217;installazione nascosta nel tuo veicolo?<br \/>\nGuarda i video!<\/strong><\/b><\/p>\n<p><iframe loading=\"lazy\" src=\"https:\/\/www.youtube.com\/embed\/0U3DSBzId6c?ecver=1\" width=\"780\" height=\"439\" frameborder=\"0\" allowfullscreen=\"allowfullscreen\"><\/iframe><\/p>\n<p style=\"font-weight: 400;\"><strong>Il rilevatore radar pu\u00f2 essere installato dai nostri meccanici \/ elettricisti professionisti esperti<\/strong> , ad esempio a Heidelberg, molto flessibili e discreti in termini di tempo (di solito venerd\u00ec pomeriggio, fine settimana). Il tempo di installazione \u00e8 solitamente di 2-5 ore a seconda del sistema desiderato, ma pu\u00f2 essere un po&#8217; pi\u00f9 lungo per le auto esotiche. I tecnici discuteranno ovviamente con te personalmente in anticipo le opzioni di installazione in modo che tu possa avere un&#8217;idea di come sar\u00e0 la soluzione in anticipo. Potresti usare il tempo per un tour della citt\u00e0 durante l&#8217;installazione. Molti clienti sono molto contenti di questa opportunit\u00e0. Le difficolt\u00e0 possono sorgere solo in rari casi, ad esempio se non c&#8217;\u00e8 abbastanza spazio nella parte anteriore del veicolo o semplicemente lo smontaggio di parti della carrozzeria richiederebbe ore e sono necessari strumenti speciali. Se sei interessato a organizzare l&#8217;installazione dei dispositivi che hai ordinato, aggiungi questo articolo al carrello.<\/p>\n","protected":false},"excerpt":{"rendered":"<h2><strong><span style=\"color: #000080;\">PACCHETTO PROFESSIONALE (STINGER VIP)<\/span><\/strong><\/h2>\n<p><strong>Il rilevatore radar Stinger VIP<\/strong> con Freedom Laser ed eso \u00e8 il dispositivo top in assoluto con display LCD a colori. Questo pacchetto di rilevatori radar a installazione fissa offre avvisi\/interferenze radar e laser, barriera fotoelettrica\/protezione eso 3.0. Oltre al rilevatore radar, offre anche un database di autovelox GPS integrato gratuito contro autovelox fissi, scatole stellari e laser per tutta l&#8217;Europa.<\/p>\n","protected":false},"featured_media":3230,"comment_status":"open","ping_status":"closed","template":"","meta":{"_kad_post_transparent":"default","_kad_post_title":"","_kad_post_layout":"default","_kad_post_sidebar_id":"","_kad_post_content_style":"default","_kad_post_vertical_padding":"default","_kad_post_feature":"","_kad_post_feature_position":"","_kad_post_header":false,"_kad_post_footer":false,"_kad_post_classname":""},"product_brand":[],"product_cat":[1039,969],"product_tag":[],"class_list":{"0":"post-3784","1":"product","2":"type-product","3":"status-publish","4":"has-post-thumbnail","6":"product_cat-pacchetti-di-rivelatori-radar-di-alta-gamma","7":"product_cat-stinger-it","9":"first","10":"instock","11":"sale","12":"taxable","13":"shipping-taxable","14":"purchasable","15":"product-type-simple","16":"entry","17":"content-bg","18":"loop-entry"},"jetpack_sharing_enabled":true,"_links":{"self":[{"href":"https:\/\/radar-shop.com\/it\/wp-json\/wp\/v2\/product\/3784","targetHints":{"allow":["GET"]}}],"collection":[{"href":"https:\/\/radar-shop.com\/it\/wp-json\/wp\/v2\/product"}],"about":[{"href":"https:\/\/radar-shop.com\/it\/wp-json\/wp\/v2\/types\/product"}],"replies":[{"embeddable":true,"href":"https:\/\/radar-shop.com\/it\/wp-json\/wp\/v2\/comments?post=3784"}],"wp:featuredmedia":[{"embeddable":true,"href":"https:\/\/radar-shop.com\/it\/wp-json\/wp\/v2\/media\/3230"}],"wp:attachment":[{"href":"https:\/\/radar-shop.com\/it\/wp-json\/wp\/v2\/media?parent=3784"}],"wp:term":[{"taxonomy":"product_brand","embeddable":true,"href":"https:\/\/radar-shop.com\/it\/wp-json\/wp\/v2\/product_brand?post=3784"},{"taxonomy":"product_cat","embeddable":true,"href":"https:\/\/radar-shop.com\/it\/wp-json\/wp\/v2\/product_cat?post=3784"},{"taxonomy":"product_tag","embeddable":true,"href":"https:\/\/radar-shop.com\/it\/wp-json\/wp\/v2\/product_tag?post=3784"}],"curies":[{"name":"wp","href":"https:\/\/api.w.org\/{rel}","templated":true}]}}