{"id":3787,"date":"2020-11-22T09:19:42","date_gmt":"2020-11-22T08:19:42","guid":{"rendered":"https:\/\/radar-shop.com\/produkt\/valentine-one-v1-gen2\/"},"modified":"2025-11-16T18:35:37","modified_gmt":"2025-11-16T17:35:37","slug":"valentine-one-v1-gen2-2","status":"publish","type":"product","link":"https:\/\/radar-shop.com\/it\/prodotto\/valentine-one-v1-gen2-2\/","title":{"rendered":"Valentine One V1 Gen2"},"content":{"rendered":"<p><strong><img loading=\"lazy\" decoding=\"async\" class=\"size-full wp-image-4452 aligncenter\" src=\"https:\/\/www.radar-shop.eu\/wp-content\/uploads\/Valentine-One-V1-Gen2.jpg\" alt=\"Valentine One V1 Gen2\" width=\"1000\" height=\"668\"><\/strong><\/p>\n<p><strong>Valentine One V1 Gen2<\/strong> \u00e8 uno strumento di sicurezza completamente nuovo che supera notevolmente anche la versione pi\u00f9 avanzata del V1. All&#8217;interno del nuovissimo alloggiamento in magnesio c&#8217;\u00e8 un rilevatore radar completamente nuovo e brevettato, modellato su un concetto utilizzato dai radar CHIRP militari per trovare trappole radar pi\u00f9 deboli e pi\u00f9 distanti con maggiore precisione. La gamma in banda Ka \u00e8 straordinariamente migliore nel Valentine One V1 Gen2. Anche la gamma della banda K \u00e8 migliorata. Le nuove tecnologie SAW-D2L e LNA consentono questo significativo aumento della portata rispetto al tradizionale V1 e allo stesso tempo rappresentano una svolta nel camouflage.<\/p>\n<h2><img loading=\"lazy\" decoding=\"async\" class=\"wp-image-4462 alignright\" src=\"https:\/\/www.radar-shop.eu\/wp-content\/uploads\/V1-GEN2-1-e1597059504281.png\" alt=\"V1 Gen2 2\" width=\"498\" height=\"506\">Rilevatore radar Valentine One V1 Gen2<br \/>\nCosa \u00e8 incluso<\/h2>\n<ul>\n<li>Rilevatore radar Valentine One Gen2<\/li>\n<li>Guida Rapida<\/li>\n<li>Staffa per parabrezza<\/li>\n<li>Supporto per visiera<\/li>\n<li>Cavo di alimentazione, a spirale &#8211; 30 cm si estende a 2,4 m<\/li>\n<li>Cavo di alimentazione, dritto &#8211; 2,4 m<\/li>\n<li>Adattatore per accendisigari<\/li>\n<li>Adattatore per cavo diretto<\/li>\n<li>Connettore del cablaggio<\/li>\n<li>Fusibile di ricambio<\/li>\n<li>Ventose di ricambio<\/li>\n<\/ul>\n<div><\/div>\n<div>\n<p><strong>Valentine<\/strong> introduce la tecnologia di rilevamento radar K-Verifier per migliorare la resistenza ai sistemi di rilevamento dei punti ciechi nei nuovi veicoli e ridurre i falsi allarmi causati dall&#8217;apertura automatica delle porte dei negozi. Il Bluetooth 5.0 integrato consente una connessione wireless ai tuoi smartphone e tablet Apple o Android. L&#8217;App-V1Connection gratuita, l&#8217;app, viene eseguita sul tuo dispositivo e ti offre un nuovo modo rivoluzionario di analizzare il flusso live di informazioni sulle minacce che fluisce dalla V1 Gen2. Hai anche accesso a futuri aggiornamenti del firmware.<\/p>\n<p><img loading=\"lazy\" decoding=\"async\" class=\"alignright wp-image-4467\" src=\"https:\/\/www.radar-shop.eu\/wp-content\/uploads\/V1-GEN2-app.png\" alt=\"V1 GEN2 app\" width=\"502\" height=\"545\"><strong>Nuova tecnologia LNA del V1 Gen2:<\/strong> l&#8217;unico modo per aumentare la portata \u00e8 rilevare segnali sempre pi\u00f9 deboli. Pensa all&#8217;LNA come a un ingrandimento del segnale.<\/p>\n<p><strong>LNA ha un altro vantaggio:<\/strong> agisce come una valvola unidirezionale e intercetta l&#8217;uscita LO prima che fuoriesca dall&#8217;alloggiamento in magnesio del V1 Gen2. Questa \u00e8 la chiave per mimetizzarsi. V1 Gen2 \u00e8 praticamente impercettibile.<\/p>\n<p>Il nuovo e brevettato SAWD2L contribuisce in modo esponenziale al flusso di dati. SAWD2L aumenta la velocit\u00e0 di elaborazione di pi\u00f9 di cento volte e consente a V1 Gen2 di ordinare rapidamente i segnali radar dai radar con autovelox dell&#8217;odierno flusso di cambi di corsia e radar di prevenzione degli incidenti.<\/p>\n<h3>Gamma superiore del <strong>Valentine One V1 Gen2<\/strong><\/h3>\n<p>Il rilevamento di segnali deboli da parte dell&#8217;LNA, che alimenta l&#8217;analisi ad alta velocit\u00e0 di SAWD2L, rappresenta una svolta nell&#8217;allerta radar. L&#8217;aumento della gamma nella banda Ka \u00e8 particolarmente drammatico. Il nostro nuovo K-Verifier elimina gli avvisi K indesiderati.<\/p>\n<p>Le app V1 gratuite consentono un&#8217;analisi avanzata delle minacce, una programmazione semplice e aggiornamenti istantanei da V1 Gen2. Una connessione smartphone tramite Bluetooth \u00e8 integrata.<\/p>\n<\/div>\n","protected":false},"excerpt":{"rendered":"<p><strong><span class=\"dotted-product-details\"><a href=\"https:\/\/www.radar-shop.eu\/de\/radarwarner-vergleich-deutschland\/\">CONFRONTO AVVISI RADAR<\/a><\/span><br \/>\n<span style=\"color: #000080;\">RACCOMANDAZIONE NEGOZIO RADAR!<br \/>\n<\/span><br \/>\n<\/strong><\/p>\n<ul>\n<li>Il rilevatore radar Valentine V1 Gen2 introduce la tecnologia K-Verifier per migliorare la resistenza ai sistemi di rilevamento dei punti ciechi nei nuovi veicoli e per ridurre i falsi allarmi dagli apriporta automatici.<\/li>\n<li>Il Bluetooth 5.0 integrato consente una connessione wireless ai tuoi smartphone e tablet Apple o Android.<\/li>\n<li>L&#8217;app Valentine V1Connection viene eseguita sul tuo dispositivo e ti offre un nuovo modo rivoluzionario di analizzare il flusso in tempo reale dell&#8217;intelligence sulle minacce proveniente da V1 Gen2. Avrai anche accesso a futuri aggiornamenti del firmware.<\/li>\n<li>Immediatamente Disponibile!<\/li>\n<\/ul>\n","protected":false},"featured_media":3577,"comment_status":"open","ping_status":"closed","template":"","meta":{"_kad_post_transparent":"","_kad_post_title":"","_kad_post_layout":"","_kad_post_sidebar_id":"","_kad_post_content_style":"","_kad_post_vertical_padding":"","_kad_post_feature":"","_kad_post_feature_position":"","_kad_post_header":false,"_kad_post_footer":false,"_kad_post_classname":""},"product_brand":[],"product_cat":[1042,980],"product_tag":[],"class_list":{"0":"post-3787","1":"product","2":"type-product","3":"status-publish","4":"has-post-thumbnail","6":"product_cat-rilevatore-di-radar-mobile","7":"product_cat-valentine-one-it","9":"first","10":"onbackorder","11":"sale","12":"taxable","13":"shipping-taxable","14":"purchasable","15":"product-type-simple","16":"entry","17":"content-bg","18":"loop-entry"},"jetpack_sharing_enabled":true,"_links":{"self":[{"href":"https:\/\/radar-shop.com\/it\/wp-json\/wp\/v2\/product\/3787","targetHints":{"allow":["GET"]}}],"collection":[{"href":"https:\/\/radar-shop.com\/it\/wp-json\/wp\/v2\/product"}],"about":[{"href":"https:\/\/radar-shop.com\/it\/wp-json\/wp\/v2\/types\/product"}],"replies":[{"embeddable":true,"href":"https:\/\/radar-shop.com\/it\/wp-json\/wp\/v2\/comments?post=3787"}],"wp:featuredmedia":[{"embeddable":true,"href":"https:\/\/radar-shop.com\/it\/wp-json\/wp\/v2\/media\/3577"}],"wp:attachment":[{"href":"https:\/\/radar-shop.com\/it\/wp-json\/wp\/v2\/media?parent=3787"}],"wp:term":[{"taxonomy":"product_brand","embeddable":true,"href":"https:\/\/radar-shop.com\/it\/wp-json\/wp\/v2\/product_brand?post=3787"},{"taxonomy":"product_cat","embeddable":true,"href":"https:\/\/radar-shop.com\/it\/wp-json\/wp\/v2\/product_cat?post=3787"},{"taxonomy":"product_tag","embeddable":true,"href":"https:\/\/radar-shop.com\/it\/wp-json\/wp\/v2\/product_tag?post=3787"}],"curies":[{"name":"wp","href":"https:\/\/api.w.org\/{rel}","templated":true}]}}