{"id":3789,"date":"2020-02-22T09:19:43","date_gmt":"2021-12-30T12:42:09","guid":{"rendered":"https:\/\/radar-shop.com\/produkt\/neoline-x-cop-8700s\/"},"modified":"2021-12-30T13:42:09","modified_gmt":"2021-12-30T12:42:09","slug":"neoline-x-cop-8700s-2","status":"publish","type":"product","link":"https:\/\/radar-shop.com\/it\/prodotto\/neoline-x-cop-8700s-2\/","title":{"rendered":"NEOLINE X-COP 8700s"},"content":{"rendered":"<p>CONTROLLO DEL MOVIMENTO &#8211; La tecnologia di controllo del movimento del Neoline X-COP 8700s consente di disattivare gli avvisi audio e vocali con un solo movimento della mano. Tieni semplicemente la mano davanti al display delle informazioni GPS e il tono di allarme si spegner\u00e0.<\/p>\n<p>MODALIT\u00c0 ILLUMINAZIONE LED &#8211; Con questa funzione \u00e8 possibile visualizzare sulla striscia diodi l&#8217;intensit\u00e0 del segnale ricevuto o un avviso sull&#8217;avvicinamento al punto GPS.<\/p>\n<p>MULTILINGUE &#8211; Il Neoline X-COP 8700s GT offre un numero esteso di lingue. Attualmente disponibile: inglese, spagnolo, lituano, russo, ceco. Il language pack \u00e8 costantemente aggiornato con il nuovo menu della lingua.<\/p>\n<p>AGGIORNAMENTI FIRMWARE GRATUITI &#8211; Basta caricare il firmware e il database di neoline, copiarli sulla scheda flash e collegarli alla base X-COP 8700s GT utilizzando un adattatore speciale (incluso) e il firmware verr\u00e0 aggiornato automaticamente. Nuovi aggiornamenti saranno disponibili sul sito web neoline.com ogni settimana.<\/p>\n<p>DISPLAY OLED &#8211; Il nuovo GPS-X COP 8700s ha un display OLED luminoso e multicolore che \u00e8 perfettamente leggibile da ogni angolazione. L&#8217;utente pu\u00f2 scegliere 6 varianti di colore: bianco, blu, blu, verde, rosso, giallo. Il colore della striscia di diodi, che si trova sotto i pulsanti di controllo del dispositivo di avviso, pu\u00f2 essere impostato separatamente. Inoltre, il dispositivo dispone di un sensore di luminosit\u00e0 che regola automaticamente la luminosit\u00e0 del display in base all&#8217;illuminazione.<\/p>\n<p><iframe loading=\"lazy\" src=\"https:\/\/www.youtube.com\/embed\/q7GrowMq9eM\" width=\"1131\" height=\"636\" frameborder=\"0\" allowfullscreen=\"allowfullscreen\"><\/iframe><\/p>\n<p><iframe loading=\"lazy\" src=\"https:\/\/www.youtube.com\/embed\/DNhnD6-hlWg\" width=\"1131\" height=\"636\" frameborder=\"0\" allowfullscreen=\"allowfullscreen\"><\/iframe><\/p>\n<p>INSTALLAZIONE ALL&#8217;INTERNO DEL VEICOLO &#8211; L&#8217;utente pu\u00f2 posizionare il dispositivo in diversi modi:<\/p>\n<ul>\n<li>Installazione standard alla base del parabrezza<\/li>\n<li>sulla staffa con ventose o nastro 3M<\/li>\n<li>Montaggio su ventose o nastro adesivo 3M capovolto sullo specchietto retrovisore.<\/li>\n<li>Utilizzare il 2\u00b0 foro per il montaggio.<\/li>\n<\/ul>\n<p>ZONE DI PERICOLO &#8211; Con un solo clic, l&#8217;utente pu\u00f2 aggiungere una Zona di pericolo alla memoria del dispositivo. Questa \u00e8 un&#8217;area che richiede l&#8217;attenzione del conducente, ad esempio zone pericolose, una scuola, un incrocio trafficato, un autovelox mobile, ecc. Inoltre, con un solo pulsante, l&#8217;utente pu\u00f2 aggiungere una zona tranquilla per bloccare i falsi segnali.<\/p>\n<p>X-LOGIC &#8211; Questa funzione consente all&#8217;utente di effettuare una misurazione accurata dell&#8217;accelerazione della tua auto. In modalit\u00e0 X-LOGIC \u00e8 possibile misurare la velocit\u00e0 fino a 60 km\/h, 100 km\/h, da 100 a 150 km\/h, da 100 a 200 km\/he il tempo durante il quale il veicolo percorre 402 m.<\/p>\n<p>CONTENUTI<\/p>\n<ul>\n<li>La configurazione del Neoline X-COP 8700s GT include i seguenti accessori:<\/li>\n<li>Ricevitore GPS Neoline X-COP 8700s GT<\/li>\n<li>Attacco per parabrezza<\/li>\n<li>Nastro 3M da attaccare al parabrezza<\/li>\n<li>Attacco magnetico<\/li>\n<li>Cavo di alimentazione alla presa del veicolo con pulsante on\/off (DC12V ~ 24V)<\/li>\n<li>Cavo USB OTG<\/li>\n<li>Contenitore di stoccaggio dell&#8217;attrezzatura<\/li>\n<li>Visiera antiabbagliamento<\/li>\n<\/ul>\n","protected":false},"excerpt":{"rendered":"<p>3 in 1: radar, laser, radar GPS POI e rilevatore di autovelox<\/p>\n<ul>\n<li>Radar (\u041a, \u041cTR, \u041a\u0430, laser)<\/li>\n<li>Multi radar: MRCD MRCT<\/li>\n<li>Filtro firma Z<\/li>\n<li>Modalit\u00e0 turbo automatica<\/li>\n<li>Schermo OLED 6 colori<\/li>\n<li>Regolazione automatica del sensore della luminosit\u00e0 del display<\/li>\n<li>Aggiungi zone pericolose e silenziose<\/li>\n<li>Salvaschermo con tachimetro<\/li>\n<li>Aggiornamento firmware OTG tramite USB fino a 32 GB<\/li>\n<li>X-Logic misura l&#8217;accelerazione del veicolo<\/li>\n<\/ul>\n","protected":false},"featured_media":3612,"comment_status":"open","ping_status":"closed","template":"","meta":{"_kad_post_transparent":"","_kad_post_title":"","_kad_post_layout":"","_kad_post_sidebar_id":"","_kad_post_content_style":"","_kad_post_vertical_padding":"","_kad_post_feature":"","_kad_post_feature_position":"","_kad_post_header":false,"_kad_post_footer":false,"_kad_post_classname":""},"product_brand":[],"product_cat":[959,1042],"product_tag":[286],"class_list":{"0":"post-3789","1":"product","2":"type-product","3":"status-publish","4":"has-post-thumbnail","6":"product_cat-neoline-it","7":"product_cat-rilevatore-di-radar-mobile","8":"product_tag-neoline-x-cop-8700s-it","10":"first","11":"instock","12":"sale","13":"taxable","14":"shipping-taxable","15":"purchasable","16":"product-type-simple","17":"entry","18":"content-bg","19":"loop-entry"},"jetpack_sharing_enabled":true,"_links":{"self":[{"href":"https:\/\/radar-shop.com\/it\/wp-json\/wp\/v2\/product\/3789","targetHints":{"allow":["GET"]}}],"collection":[{"href":"https:\/\/radar-shop.com\/it\/wp-json\/wp\/v2\/product"}],"about":[{"href":"https:\/\/radar-shop.com\/it\/wp-json\/wp\/v2\/types\/product"}],"replies":[{"embeddable":true,"href":"https:\/\/radar-shop.com\/it\/wp-json\/wp\/v2\/comments?post=3789"}],"wp:featuredmedia":[{"embeddable":true,"href":"https:\/\/radar-shop.com\/it\/wp-json\/wp\/v2\/media\/3612"}],"wp:attachment":[{"href":"https:\/\/radar-shop.com\/it\/wp-json\/wp\/v2\/media?parent=3789"}],"wp:term":[{"taxonomy":"product_brand","embeddable":true,"href":"https:\/\/radar-shop.com\/it\/wp-json\/wp\/v2\/product_brand?post=3789"},{"taxonomy":"product_cat","embeddable":true,"href":"https:\/\/radar-shop.com\/it\/wp-json\/wp\/v2\/product_cat?post=3789"},{"taxonomy":"product_tag","embeddable":true,"href":"https:\/\/radar-shop.com\/it\/wp-json\/wp\/v2\/product_tag?post=3789"}],"curies":[{"name":"wp","href":"https:\/\/api.w.org\/{rel}","templated":true}]}}