{"id":3889,"date":"2020-12-22T09:18:51","date_gmt":"2021-12-30T12:44:01","guid":{"rendered":"https:\/\/radar-shop.com\/produkt\/servizio-di-installazione-individuale-di-allarme-radar\/"},"modified":"2022-02-26T10:33:36","modified_gmt":"2022-02-26T09:33:36","slug":"servizio-di-installazione-di-rilevatori-radar-individuali","status":"publish","type":"product","link":"https:\/\/radar-shop.com\/it\/prodotto\/servizio-di-installazione-di-rilevatori-radar-individuali\/","title":{"rendered":"SERVIZIO DI INSTALLAZIONE INDIVIDUALE DI ALLARME RADAR"},"content":{"rendered":"<h1><span style=\"color: #000080;\">SERVIZIO DI INSTALLAZIONE ALLARME RADAR <\/span><\/h1>\n<p align=\"justify\"><strong>Servizio di installazione di rilevatori radar professionali<\/strong> : se sei interessato, l&#8217;installazione da parte di meccanici \/ elettricisti professionisti a Heidelberg che hanno esperienza nell&#8217;installazione di questi dispositivi \u00e8 molto flessibile e discreta in termini di tempo (di solito venerd\u00ec pomeriggio, fine settimana). Il tempo di installazione \u00e8 solitamente di 2-5 ore a seconda del sistema, ma pu\u00f2 essere un po&#8217; pi\u00f9 lungo per le auto esotiche. Il prezzo per l&#8217;installazione varia di conseguenza. Di norma, i costi di installazione da parte dei nostri professionisti esperti sono compresi tra 300-700 \u20ac.<\/p>\n<p align=\"justify\"><strong>Il tecnico discuter\u00e0 personalmente con te i requisiti e le opzioni di installazione in anticipo<\/strong> , in modo che tu possa avere un&#8217;idea di come sar\u00e0 la soluzione in anticipo. Potresti usare il tempo per un tour della citt\u00e0 durante l&#8217;installazione. Molti clienti sono molto contenti di questa opportunit\u00e0. Le difficolt\u00e0 possono sorgere solo in rari casi, ad esempio se non c&#8217;\u00e8 abbastanza spazio nella parte anteriore del veicolo o semplicemente lo smontaggio di parti della carrozzeria richiederebbe ore e sono necessari strumenti speciali.<\/p>\n<p align=\"justify\">Se sei interessato a organizzare l&#8217;installazione dei dispositivi che hai ordinato, aggiungi questo articolo al carrello o semplicemente scrivici indicando l&#8217;impianto desiderato e il tuo veicolo con modello e anno di costruzione. Prepariamo immediatamente un&#8217;offerta di installazione individuale per il tuo veicolo e la gamma di attrezzature.<\/p>\n<h2 align=\"justify\">Esempi di installazione di rilevatori radar<\/h2>\n<p><iframe loading=\"lazy\" src=\"https:\/\/www.youtube.com\/embed\/YAhTynQdl8k?ecver=1\" width=\"780\" height=\"439\" frameborder=\"0\" allowfullscreen=\"allowfullscreen\"><\/iframe><\/p>\n<p><iframe loading=\"lazy\" src=\"https:\/\/www.youtube.com\/embed\/_9MutDC3w5c?ecver=1\" width=\"780\" height=\"439\" frameborder=\"0\" allowfullscreen=\"allowfullscreen\"><\/iframe><\/p>\n<p><iframe loading=\"lazy\" src=\"https:\/\/www.youtube.com\/embed\/ydaX_y56suo?ecver=1\" width=\"780\" height=\"439\" frameborder=\"0\" allowfullscreen=\"allowfullscreen\"><\/iframe><\/p>\n<p><iframe loading=\"lazy\" src=\"https:\/\/www.youtube.com\/embed\/NX5yUN2bAd8?ecver=1\" width=\"780\" height=\"439\" frameborder=\"0\" allowfullscreen=\"allowfullscreen\"><\/iframe><\/p>\n<p><iframe loading=\"lazy\" src=\"https:\/\/www.youtube.com\/embed\/l1Uagmjogv0?ecver=1\" width=\"780\" height=\"439\" frameborder=\"0\" allowfullscreen=\"allowfullscreen\"><\/iframe><\/p>\n<p><iframe loading=\"lazy\" src=\"https:\/\/www.youtube.com\/embed\/XDNiYDpsLg4?ecver=1\" width=\"780\" height=\"439\" frameborder=\"0\" allowfullscreen=\"allowfullscreen\"><\/iframe><\/p>\n<p><iframe loading=\"lazy\" src=\"https:\/\/www.youtube.com\/embed\/p_V_sDWp2kk?ecver=1\" width=\"780\" height=\"439\" frameborder=\"0\" allowfullscreen=\"allowfullscreen\"><\/iframe><\/p>\n<p><iframe loading=\"lazy\" src=\"https:\/\/www.youtube.com\/embed\/0U3DSBzId6c?ecver=1\" width=\"780\" height=\"439\" frameborder=\"0\" allowfullscreen=\"allowfullscreen\"><\/iframe><\/p>\n<p><iframe loading=\"lazy\" src=\"https:\/\/www.youtube.com\/embed\/NtM4ooiWB4c?ecver=1\" width=\"780\" height=\"439\" frameborder=\"0\" allowfullscreen=\"allowfullscreen\"><\/iframe><\/p>\n<p><iframe loading=\"lazy\" src=\"https:\/\/www.youtube.com\/embed\/fzuRxbFNzWU?ecver=1\" width=\"780\" height=\"439\" frameborder=\"0\" allowfullscreen=\"allowfullscreen\"><\/iframe><\/p>\n<p><iframe loading=\"lazy\" src=\"https:\/\/www.youtube.com\/embed\/syhjwK5g214?ecver=1\" width=\"780\" height=\"439\" frameborder=\"0\" allowfullscreen=\"allowfullscreen\"><\/iframe><\/p>\n<p><iframe loading=\"lazy\" src=\"https:\/\/www.youtube.com\/embed\/KuuVucwuMjY?ecver=1\" width=\"780\" height=\"439\" frameborder=\"0\" allowfullscreen=\"allowfullscreen\"><\/iframe><\/p>\n<p><iframe loading=\"lazy\" src=\"https:\/\/www.youtube.com\/embed\/v8111oODoDw?ecver=1\" width=\"780\" height=\"439\" frameborder=\"0\" allowfullscreen=\"allowfullscreen\"><\/iframe><\/p>\n<p><iframe loading=\"lazy\" src=\"https:\/\/www.youtube.com\/embed\/3sC3XO2CT_8?ecver=1\" width=\"780\" height=\"439\" frameborder=\"0\" allowfullscreen=\"allowfullscreen\"><\/iframe><\/p>\n<p><iframe loading=\"lazy\" src=\"https:\/\/www.youtube.com\/embed\/wvuloHyRQrQ?ecver=1\" width=\"780\" height=\"439\" frameborder=\"0\" allowfullscreen=\"allowfullscreen\"><\/iframe><\/p>\n<p><iframe loading=\"lazy\" src=\"https:\/\/www.youtube.com\/embed\/RcxnK8w23h0?ecver=1\" width=\"780\" height=\"439\" frameborder=\"0\" allowfullscreen=\"allowfullscreen\"><\/iframe><\/p>\n","protected":false},"excerpt":{"rendered":"<p><strong><span style=\"color: #000080;\">Su richiesta:<\/span> installazione del rilevatore radar da parte di tecnici automobilistici professionisti a Heidelberg.<\/strong> Il lavoro viene svolto con discrezione e flessibilit\u00e0. Organizzeremo un&#8217;offerta e un appuntamento per te. Parla con noi &#8211; installazione discreta di rilevatori radar e jammer laser secondo i tuoi desideri.<\/p>\n<p>Se sei interessato a organizzare l&#8217;installazione dei dispositivi che hai ordinato, aggiungi questo articolo al carrello. Prepariamo immediatamente un&#8217;offerta di installazione individuale per abbinare il tuo veicolo e la gamma di attrezzature.<\/p>\n","protected":false},"featured_media":3240,"comment_status":"open","ping_status":"closed","template":"","meta":{"_kad_post_transparent":"","_kad_post_title":"","_kad_post_layout":"","_kad_post_sidebar_id":"","_kad_post_content_style":"","_kad_post_vertical_padding":"","_kad_post_feature":"","_kad_post_feature_position":"","_kad_post_header":false,"_kad_post_footer":false,"_kad_post_classname":""},"product_brand":[],"product_cat":[1105,992],"product_tag":[],"class_list":{"0":"post-3889","1":"product","2":"type-product","3":"status-publish","4":"has-post-thumbnail","6":"product_cat-installazione-rilevatore-di-radar","7":"product_cat-radar-shop-it","9":"first","10":"instock","11":"taxable","12":"shipping-taxable","13":"purchasable","14":"product-type-simple","15":"entry","16":"content-bg","17":"loop-entry"},"jetpack_sharing_enabled":true,"_links":{"self":[{"href":"https:\/\/radar-shop.com\/it\/wp-json\/wp\/v2\/product\/3889","targetHints":{"allow":["GET"]}}],"collection":[{"href":"https:\/\/radar-shop.com\/it\/wp-json\/wp\/v2\/product"}],"about":[{"href":"https:\/\/radar-shop.com\/it\/wp-json\/wp\/v2\/types\/product"}],"replies":[{"embeddable":true,"href":"https:\/\/radar-shop.com\/it\/wp-json\/wp\/v2\/comments?post=3889"}],"wp:featuredmedia":[{"embeddable":true,"href":"https:\/\/radar-shop.com\/it\/wp-json\/wp\/v2\/media\/3240"}],"wp:attachment":[{"href":"https:\/\/radar-shop.com\/it\/wp-json\/wp\/v2\/media?parent=3889"}],"wp:term":[{"taxonomy":"product_brand","embeddable":true,"href":"https:\/\/radar-shop.com\/it\/wp-json\/wp\/v2\/product_brand?post=3889"},{"taxonomy":"product_cat","embeddable":true,"href":"https:\/\/radar-shop.com\/it\/wp-json\/wp\/v2\/product_cat?post=3889"},{"taxonomy":"product_tag","embeddable":true,"href":"https:\/\/radar-shop.com\/it\/wp-json\/wp\/v2\/product_tag?post=3889"}],"curies":[{"name":"wp","href":"https:\/\/api.w.org\/{rel}","templated":true}]}}