{"id":3915,"date":"2021-12-22T09:18:49","date_gmt":"2021-12-30T12:44:22","guid":{"rendered":"https:\/\/radar-shop.com\/produkt\/esoguard-ii-dual-protezione-eso3\/"},"modified":"2021-12-30T13:44:22","modified_gmt":"2021-12-30T12:44:22","slug":"protezione-esoguard-ii-dual-eso3","status":"publish","type":"product","link":"https:\/\/radar-shop.com\/it\/prodotto\/protezione-esoguard-ii-dual-eso3\/","title":{"rendered":"ESOGUARD II DUAL &#8211; Protezione ESO3"},"content":{"rendered":"<h2><b><strong>QUAL \u00c8 LA FUNZIONE DI QUESTO PRODOTTO BLOCKER ESO 3.0? <\/strong><\/b><\/h2>\n<p>Dopo che per lungo tempo sono stati sufficienti rilevatori radar, rilevatori di autovelox laser e GPS, recentemente in Germania si \u00e8 diffuso sempre pi\u00f9 un nuovo dispositivo di misurazione, il cosiddetto sensore unilaterale eso es 3.0. Puoi sicuramente riconoscere il dispositivo di misurazione nelle foto su Internet. Rilevatori radar e sistemi laser collaudati non hanno alcun effetto qui.<\/p>\n<div class=\"entry-content-asset videofit\">\n<div class=\"jetpack-video-wrapper\"><iframe loading=\"lazy\" title=\"BMW M Power mit ESO GUARD\" width=\"720\" height=\"405\" src=\"https:\/\/www.youtube.com\/embed\/5_EUQ_ZRzWc?feature=oembed\" frameborder=\"0\" allow=\"accelerometer; autoplay; clipboard-write; encrypted-media; gyroscope; picture-in-picture\" allowfullscreen><\/iframe><\/div>\n<\/div>\n<p>Questo nuovo prodotto ESOGUARD qui offerto \u00e8 destinato all&#8217;installazione permanente nella parte anteriore del veicolo. Pu\u00f2 essere utilizzato in aggiunta a tutte le soluzioni complete offerte, in quanto \u00e8 un dispositivo azionato separatamente. Il dispositivo impedisce le misurazioni della fotocellula con la nuova e ben nota fotocellula &#8221; <a href=\"http:\/\/www.eso-elektronik.de\/web\/NewsDownloads\/Photos.aspx?AlbumID=21\" target=\"_blank\" rel=\"noopener\">eso es 3.0 sensore unilaterale<\/a> &#8220;.<br \/>\nLe misurazioni della barriera fotoelettrica mobile non possono essere indicate da radar o rilevatori laser, poich\u00e9 qui non vengono emessi n\u00e9 radar n\u00e9 onde luminose laser. Solo utilizzando questo dispositivo \u00e8 possibile impedire misurazioni con il nuovo sistema di misurazione del sensore ottico unilaterale &#8220;eso es 3.0&#8221;, poich\u00e9 non esistono opzioni di avviso alternative. Per ulteriori informazioni su questo dispositivo, fare clic <u><a href=\"http:\/\/www.radar-shop.com\/out\/pictures\/wysiwigpro\/Informationen%20eso%203.pdf\">qui<\/a><\/u> .<\/p>\n<p><b><strong>Non sei sicuro di come sar\u00e0 un&#8217;installazione nascosta nel tuo veicolo?<br \/>\nGuarda i video:<\/strong><\/b><\/p>\n<p><img loading=\"lazy\" decoding=\"async\" class=\"aligncenter size-full wp-image-139\" src=\"https:\/\/www.radar-shop.eu\/wp-content\/uploads\/2017\/03\/Video_Radarwarner.jpg\" alt=\"\" width=\"500\" height=\"80\"><\/p>\n<p>Se sei interessato, meccanici\/elettricisti professionisti esperti possono installare questi dispositivi in modo molto flessibile e discreto, ad esempio a Heidelberg (di solito il venerd\u00ec pomeriggio, i fine settimana). Il tempo di installazione \u00e8 solitamente di 2-5 ore a seconda del sistema, ma pu\u00f2 essere un po&#8217; pi\u00f9 lungo per le auto esotiche. I tecnici discuteranno ovviamente con te personalmente in anticipo le opzioni di installazione in modo che tu possa avere un&#8217;idea di come sar\u00e0 la soluzione in anticipo. Potresti usare il tempo per un tour della citt\u00e0 durante l&#8217;installazione. Molti clienti sono molto contenti di questa opportunit\u00e0. Le difficolt\u00e0 possono sorgere solo in rari casi, ad esempio se non c&#8217;\u00e8 abbastanza spazio nella parte anteriore del veicolo o semplicemente lo smontaggio di parti della carrozzeria richiederebbe ore e sono necessari strumenti speciali. Se sei interessato a organizzare l&#8217;installazione dei dispositivi che hai ordinato, aggiungi questo articolo al carrello.<\/p>\n","protected":false},"excerpt":{"rendered":"<p>Finalmente disponibile e importante per i clienti tedeschi: Esoguard 3.0 Blocker Dual, come installazione permanente con due sensori, offre un&#8217;interferenza completa per le misurazioni del sensore &#8211; ordina qui ora.<\/p>\n","protected":false},"featured_media":3096,"comment_status":"open","ping_status":"closed","template":"","meta":{"_kad_post_transparent":"","_kad_post_title":"","_kad_post_layout":"","_kad_post_sidebar_id":"","_kad_post_content_style":"","_kad_post_vertical_padding":"","_kad_post_feature":"","_kad_post_feature_position":"","_kad_post_header":false,"_kad_post_footer":false,"_kad_post_classname":""},"product_brand":[],"product_cat":[939,1035],"product_tag":[],"class_list":{"0":"post-3915","1":"product","2":"type-product","3":"status-publish","4":"has-post-thumbnail","6":"product_cat-esoguard-it","7":"product_cat-interferente-eso","9":"first","10":"instock","11":"sale","12":"taxable","13":"shipping-taxable","14":"purchasable","15":"product-type-simple","16":"entry","17":"content-bg","18":"loop-entry"},"jetpack_sharing_enabled":true,"_links":{"self":[{"href":"https:\/\/radar-shop.com\/it\/wp-json\/wp\/v2\/product\/3915","targetHints":{"allow":["GET"]}}],"collection":[{"href":"https:\/\/radar-shop.com\/it\/wp-json\/wp\/v2\/product"}],"about":[{"href":"https:\/\/radar-shop.com\/it\/wp-json\/wp\/v2\/types\/product"}],"replies":[{"embeddable":true,"href":"https:\/\/radar-shop.com\/it\/wp-json\/wp\/v2\/comments?post=3915"}],"wp:featuredmedia":[{"embeddable":true,"href":"https:\/\/radar-shop.com\/it\/wp-json\/wp\/v2\/media\/3096"}],"wp:attachment":[{"href":"https:\/\/radar-shop.com\/it\/wp-json\/wp\/v2\/media?parent=3915"}],"wp:term":[{"taxonomy":"product_brand","embeddable":true,"href":"https:\/\/radar-shop.com\/it\/wp-json\/wp\/v2\/product_brand?post=3915"},{"taxonomy":"product_cat","embeddable":true,"href":"https:\/\/radar-shop.com\/it\/wp-json\/wp\/v2\/product_cat?post=3915"},{"taxonomy":"product_tag","embeddable":true,"href":"https:\/\/radar-shop.com\/it\/wp-json\/wp\/v2\/product_tag?post=3915"}],"curies":[{"name":"wp","href":"https:\/\/api.w.org\/{rel}","templated":true}]}}