{"id":3926,"date":"2018-06-22T09:18:49","date_gmt":"2021-12-30T12:44:26","guid":{"rendered":"https:\/\/radar-shop.com\/produkt\/genevo-gps-hdm-set-combo\/"},"modified":"2025-10-26T12:11:59","modified_gmt":"2025-10-26T11:11:59","slug":"genevo-gps-hdm-combo-set","status":"publish","type":"product","link":"https:\/\/radar-shop.com\/it\/prodotto\/genevo-gps-hdm-combo-set\/","title":{"rendered":"GENEVO GPS + HDM + SET COMBO"},"content":{"rendered":"<h2>GENEVO GPS + AVVISATORE RADAR CON ANTENNA RADAR WIRELESS PER INSTALLAZIONE FISSA GENEVO GPS + \/ HDM +<\/h2>\n<p><b><strong>Il nuovo avvisatore radar di POI di fascia alta Genevo GPS +<\/strong><\/b> pu\u00f2 essere utilizzato immediatamente in movimento senza assemblaggio e dispone dell&#8217;attuale database di POI in Europa di autovelox fissi come avviso di POI completo e indipendente con uscita vocale tedesca. In questo modo sarete informati acusticamente sui pericoli tramite la voce e sul display a matrice. (Gli aggiornamenti POI Europa sono inclusi nel nostro pacchetto con HD+). Anche l&#8217;ergonomia era molto importante per Genevo con il GPS +. Poich\u00e9 solitamente viene riposto negli scaffali, il display a matrice pu\u00f2 essere facilmente letto dall&#8217;alto. Gli unici 2 pulsanti sono posizionati in modo tale che sia possibile un funzionamento rapido anche in uno scaffale.<\/p>\n<p><b><strong>Inoltre, il Genevo GPS + offre<\/strong><\/b> un&#8217;opzione di connessione wireless all&#8217;antenna laser e radar Genevo HD + wireless. Questa combinazione crea un vero e proprio sistema di allarme radar e GPS che non richiede alcun cablaggio. L&#8217;installazione \u00e8 molto pi\u00f9 semplice. Componenti rilevanti installati in modo discreto e semplice.<\/p>\n<p><b><strong>La nuova antenna Genevo UltraHDM+ inclusa nella confezione<\/strong><\/b> \u00e8 un&#8217;aggiunta al Genevo One GPS+ Warner. L&#8217;antenna Genevo UltraHDM + ha opzioni di comunicazione wireless e rilevamento multi-radar (rilevante per Austria, Svizzera, Slovacchia, Paesi Bassi e Spagna). \u00c8 quindi un&#8217;aggiunta ideale per i clienti che inizialmente optano per il POI Warner e rende pi\u00f9 facile iniziare con un sistema completo che pu\u00f2 essere adattato in qualsiasi momento.<\/p>\n<p><b><strong>In connessione con Genevo GPS +<\/strong><\/b> ricevi avvisi POI (autovelox fissi, lampeggiatori semaforici, controllo sezioni) e il rilevamento in tempo reale di autovelox mobili tramite il rilevamento del raggio radar, riconoscendo cos\u00ec autovelox mobili.<\/p>\n<p><b><strong>La tecnologia wireless della serie Genevo +<\/strong><\/b> facilita il lavoro di installazione. Il Genevo GPS + non deve essere installato in modo permanente. Pu\u00f2 essere collegato al bracciolo centrale o al posacenere con un accendisigari da 12V. L&#8217;antenna radar HD+ viene alimentata direttamente dal vano motore dietro il paraurti. Il resto viene fatto tramite comunicazione wireless. I costi per l&#8217;installazione sono di conseguenza bassi.<\/p>\n<p><b><strong>Basta collegare il GPS Genevo GPS + in pochi secondi<\/strong><\/b> tramite ventose al parabrezza e collegare il cavo di collegamento all&#8217;accendisigari. Quindi accendilo e il gioco \u00e8 fatto. In questo modo, hai un modo sicuro al 100% e, grazie alle dimensioni ridotte del dispositivo, di essere avvisato dei sistemi di misura installati permanentemente in tutta Europa.<br \/>\nIl Genevo GPS + contiene in memoria le posizioni GPS di questi dispositivi flash. Avverte con una voce e un battito di ciglia in tempo utile prima che vengano raggiunti questi autovelox. Con l&#8217;antenna radar \/ laser HD aggiuntiva fornita qui, il Genevo GPS + pu\u00f2 anche avvisarti di trappole radar mobili e pistole laser. Quindi la protezione \u00e8 quasi perfetta. Puoi aggiornare la memoria del Genevo GPS+ tutte le volte che vuoi con l&#8217;aiuto di un PC. Questo database pu\u00f2 essere facilmente aggiornato. Il dispositivo viene aggiornato molto rapidamente e in modo affidabile con i dati pi\u00f9 recenti tramite un&#8217;interfaccia USB. Sarai entusiasta.<\/p>\n<p><iframe loading=\"lazy\" src=\"https:\/\/www.youtube.com\/embed\/3PuaKz4K-Cs?ecver=1\" width=\"854\" height=\"480\" frameborder=\"0\" allowfullscreen=\"allowfullscreen\"><\/iframe><\/p>\n<h3><b><strong>Panoramica GENEVO HDM + \/ GPS +<\/strong><\/b><\/h3>\n<p>+ rapporti mobili + sistemi di misurazione della velocit\u00e0 fissa in Europa<br \/>\n+ L&#8217;ultimo database europeo \u00e8 gi\u00e0 preinstallato<br \/>\n+ inclusi aggiornamenti gratuiti di PDI in Europa per tutta la vita<br \/>\n+ display a matrice compatto e luminoso per avvisi ottimali<br \/>\n+ potente modulo GPS per operazioni nascoste negli scaffali<br \/>\n+ Avvertenza durante le misurazioni di controllo della sezione<br \/>\n+ Avvertimento radar fissi<br \/>\n+ Avvertimento di telecamere semaforiche e lampeggiatori semaforici<br \/>\n+ Tutti gli allarmi e le operazioni sono in tedesco<br \/>\n+ antenna di rilevamento radar di fascia alta resistente alle intemperie<br \/>\n+ con connessione wireless completamente automatica<br \/>\n+ Rilevamento a 360\u00b0 di radar mobili in Europa (banda X\/K\/Ka\/Multa)<br \/>\n+ Avviso misure laser (anche Poliscan Speed!)<br \/>\n+ Filtro di ricezione radar\/intensit\u00e0 regolabile liberamente<\/p>\n","protected":false},"excerpt":{"rendered":"<p><span style=\"color: #003366;\"><strong>RACCOMANDAZIONE NEGOZIO RADAR!<br \/>\n<\/strong><\/span><\/p>\n<p><strong>Set rilevatore radar Genevo GPS + e HD +<\/strong> \u00e8 un rilevatore radar ibrido integrato e, oltre al radar mobile e all&#8217;avviso laser, offre anche un database di autovelox GPS integrato con GPS + con uscita vocale tedesca contro gli autovelox per tutta l&#8217;Europa &#8211; ordina ora ed evita multe e punti. Dispositivi di allarme radar contro autovelox, laser e scatole stellari<\/p>\n","protected":false},"featured_media":3086,"comment_status":"open","ping_status":"closed","template":"","meta":{"_kad_post_transparent":"","_kad_post_title":"","_kad_post_layout":"","_kad_post_sidebar_id":"","_kad_post_content_style":"","_kad_post_vertical_padding":"","_kad_post_feature":"","_kad_post_feature_position":"","_kad_post_header":false,"_kad_post_footer":false,"_kad_post_classname":""},"product_brand":[],"product_cat":[942,1041],"product_tag":[416],"class_list":{"0":"post-3926","1":"product","2":"type-product","3":"status-publish","4":"has-post-thumbnail","6":"product_cat-genevo-it","7":"product_cat-installazione-fissa-del-rilevatore-di-radar","8":"product_tag-genevo-hdm-gps-it","10":"first","11":"instock","12":"sale","13":"taxable","14":"shipping-taxable","15":"purchasable","16":"product-type-simple","17":"entry","18":"content-bg","19":"loop-entry"},"jetpack_sharing_enabled":true,"_links":{"self":[{"href":"https:\/\/radar-shop.com\/it\/wp-json\/wp\/v2\/product\/3926","targetHints":{"allow":["GET"]}}],"collection":[{"href":"https:\/\/radar-shop.com\/it\/wp-json\/wp\/v2\/product"}],"about":[{"href":"https:\/\/radar-shop.com\/it\/wp-json\/wp\/v2\/types\/product"}],"replies":[{"embeddable":true,"href":"https:\/\/radar-shop.com\/it\/wp-json\/wp\/v2\/comments?post=3926"}],"wp:featuredmedia":[{"embeddable":true,"href":"https:\/\/radar-shop.com\/it\/wp-json\/wp\/v2\/media\/3086"}],"wp:attachment":[{"href":"https:\/\/radar-shop.com\/it\/wp-json\/wp\/v2\/media?parent=3926"}],"wp:term":[{"taxonomy":"product_brand","embeddable":true,"href":"https:\/\/radar-shop.com\/it\/wp-json\/wp\/v2\/product_brand?post=3926"},{"taxonomy":"product_cat","embeddable":true,"href":"https:\/\/radar-shop.com\/it\/wp-json\/wp\/v2\/product_cat?post=3926"},{"taxonomy":"product_tag","embeddable":true,"href":"https:\/\/radar-shop.com\/it\/wp-json\/wp\/v2\/product_tag?post=3926"}],"curies":[{"name":"wp","href":"https:\/\/api.w.org\/{rel}","templated":true}]}}