{"id":3960,"date":"2015-11-22T09:18:48","date_gmt":"2021-12-30T12:44:33","guid":{"rendered":"https:\/\/radar-shop.com\/produkt\/escort-max-euro-internazionale\/"},"modified":"2025-05-23T11:56:19","modified_gmt":"2025-05-23T09:56:19","slug":"escort-max-euro-internazionale","status":"publish","type":"product","link":"https:\/\/radar-shop.com\/it\/prodotto\/escort-max-euro-internazionale\/","title":{"rendered":"ESCORT MAX Euro &#8220;Internazionale&#8221;"},"content":{"rendered":"<ul>\n<li>Novit\u00e0 per il 2015 con antenna radar HD e protezione da Multanova CD &#8211; il miglior dispositivo sul mercato<\/li>\n<li>Importante: il modello &#8220;MAX2&#8221; \u00e8 stato sviluppato solo per il mercato statunitense &#8211; vendiamo l&#8217;ultimo modello per l&#8217;Europa<\/li>\n<li>Massima riduzione possibile dei falsi allarmi grazie al miglior sistema di filtraggio<\/li>\n<li>Il sistema basato su GPS avvisa delle scatole stellari (telecamere installate in modo permanente) ed \u00e8 allo stesso tempo un dispositivo di avviso radar e laser per punti di misurazione mobili da utilizzare sul cruscotto<\/li>\n<li>La nostra raccomandazione come soluzione di fascia alta per la dashboard: i clienti sono molto soddisfatti, l&#8217;elevato numero di raccomandazioni parla da s\u00e9!<\/li>\n<li>Sistema di avviso GPS orientato alla sicurezza e alla velocit\u00e0 con messaggi di avviso aggiuntivi<\/li>\n<li>database GPS <u>preinstallato<\/u> per molti paesi europei<\/li>\n<li>Possibilit\u00e0 di salvare le posizioni personali individualmente<\/li>\n<li>Aggiornamenti successivi del database con gli ultimi punti di misura sono possibili via Internet<\/li>\n<li>Germania Francia Benelux Spagna Portogallo Andorra Austria Svizzera Liechtenstein Italia Grecia Cipro Polonia Norvegia Svezia Finlandia Romania Slovenia Repubblica Ceca<\/li>\n<li>Dispositivo sviluppato appositamente per i sistemi radar europei<\/li>\n<li>&#8220;2 in 1&#8221; &#8211; ma dimensioni molto compatte<\/li>\n<li>Rilevatore radar digitale di fascia alta per l&#8217;uso in tutta Europa<\/li>\n<li>Uscita vocale in inglese (spagnolo, cinese, russo)<\/li>\n<li>Sensibilit\u00e0 radar variabile a seconda della velocit\u00e0 del veicolo<\/li>\n<li>Filtro TrueLock basato su GPS contro i falsi allarmi<\/li>\n<li>Funzioni dipendenti dall&#8217;utente e programmabili<\/li>\n<li>Brillanti suoni digitali e uscite vocali<\/li>\n<li>Display LCD ad alta risoluzione<\/li>\n<li>Grafico a barre, ExpertMeter, SpecDisplay, Speedalert (mostra la banda di frequenza e la potenza del segnale)<\/li>\n<li>Modalit\u00e0 filtro citt\u00e0\/autostrada (riduce il disturbo causato da falsi allarmi)<\/li>\n<li>Funzione Mute e AutoMute (riduce l&#8217;allarme acustico mentre l&#8217;allarme visivo \u00e8 ancora attivo)<\/li>\n<li>Controllo della luminosit\u00e0 del display con modalit\u00e0 completamente buia<\/li>\n<li>Non puntabile elettronicamente (SmartShield)!<\/li>\n<li>Indicatore di velocit\u00e0<\/li>\n<li>Collegamento: semplicemente all&#8217;accendisigari (12 V)<\/li>\n<li>Radar e laser a scansione a 360 gradi<\/li>\n<li>Nuove prestazioni radar a velocit\u00e0 variabile<\/li>\n<li>90 giorni di aggiornamenti gratuiti<\/li>\n<li>Display LCD brillante<\/li>\n<li>Ingresso per cuffie<\/li>\n<\/ul>\n","protected":false},"excerpt":{"rendered":"<p><span style=\"color: #ff0000;\">Modello fuori produzione non pi\u00f9 disponibile! Raccomandazione del modello successivo:<\/span><\/p>\n<p>https:\/\/www.radar-shop.eu\/de\/produkt\/radarwarner-mobil\/escort-max-360c-international\/<\/p>\n<p>Il rilevatore radar Escort MAX \u00e8 il dispositivo pi\u00f9 potente incl. Antenna HD e multi-radar e offre radar mobili e avvisi laser, nonch\u00e9 un database di autovelox GPS integrato con la pi\u00f9 ampia portata per l&#8217;uso contro gli autovelox in tutta Europa: ordina ora ed evita subito multe e punti.<\/p>\n","protected":false},"featured_media":3041,"comment_status":"open","ping_status":"closed","template":"","meta":{"_kad_post_transparent":"","_kad_post_title":"","_kad_post_layout":"","_kad_post_sidebar_id":"","_kad_post_content_style":"","_kad_post_vertical_padding":"","_kad_post_feature":"","_kad_post_feature_position":"","_kad_post_header":false,"_kad_post_footer":false,"_kad_post_classname":""},"product_brand":[],"product_cat":[1042,933],"product_tag":[],"class_list":{"0":"post-3960","1":"product","2":"type-product","3":"status-publish","4":"has-post-thumbnail","6":"product_cat-rilevatore-di-radar-mobile","7":"product_cat-escort-it","9":"first","10":"outofstock","11":"featured","12":"taxable","13":"shipping-taxable","14":"purchasable","15":"product-type-simple","16":"entry","17":"content-bg","18":"loop-entry"},"jetpack_sharing_enabled":true,"_links":{"self":[{"href":"https:\/\/radar-shop.com\/it\/wp-json\/wp\/v2\/product\/3960","targetHints":{"allow":["GET"]}}],"collection":[{"href":"https:\/\/radar-shop.com\/it\/wp-json\/wp\/v2\/product"}],"about":[{"href":"https:\/\/radar-shop.com\/it\/wp-json\/wp\/v2\/types\/product"}],"replies":[{"embeddable":true,"href":"https:\/\/radar-shop.com\/it\/wp-json\/wp\/v2\/comments?post=3960"}],"wp:featuredmedia":[{"embeddable":true,"href":"https:\/\/radar-shop.com\/it\/wp-json\/wp\/v2\/media\/3041"}],"wp:attachment":[{"href":"https:\/\/radar-shop.com\/it\/wp-json\/wp\/v2\/media?parent=3960"}],"wp:term":[{"taxonomy":"product_brand","embeddable":true,"href":"https:\/\/radar-shop.com\/it\/wp-json\/wp\/v2\/product_brand?post=3960"},{"taxonomy":"product_cat","embeddable":true,"href":"https:\/\/radar-shop.com\/it\/wp-json\/wp\/v2\/product_cat?post=3960"},{"taxonomy":"product_tag","embeddable":true,"href":"https:\/\/radar-shop.com\/it\/wp-json\/wp\/v2\/product_tag?post=3960"}],"curies":[{"name":"wp","href":"https:\/\/api.w.org\/{rel}","templated":true}]}}