{"id":3964,"date":"2019-12-11T14:57:31","date_gmt":"2021-12-30T12:48:14","guid":{"rendered":"https:\/\/radar-shop.com\/produkt\/rilevatore-radar-escort-redline\/"},"modified":"2021-12-30T13:48:14","modified_gmt":"2021-12-30T12:48:14","slug":"rilevatore-radar-di-scorta-rossa","status":"publish","type":"product","link":"https:\/\/radar-shop.com\/it\/prodotto\/rilevatore-radar-di-scorta-rossa\/","title":{"rendered":"Rilevatore radar Escort Redline"},"content":{"rendered":"<pre><a href=\"#hinweis\">Bitte beachten Sie folgendes vor Ihrer Bestellung.<\/a><\/pre>\n<p><strong>Rilevatore radar Escort Redline<\/strong><\/p>\n<h2>Primo rilevatore radar mobile con rilevamento MRCD \/ CT!<\/h2>\n<ul>\n<li>Rilevamento CD \/ CT Multaradar<\/li>\n<li>Non pu\u00f2 essere rintracciato tramite la tecnologia Total Shield<\/li>\n<li>Segmentazione in banda K e Ka<\/li>\n<li>Rilevatore radar mobile di fascia alta<\/li>\n<li>Avvertimento a 360 gradi di misurazioni radar e laser<\/li>\n<li>Versione europea speciale<\/li>\n<li>elaborazione del segnale digitale<\/li>\n<li>Portata massima con segnali deboli<\/li>\n<li>Consigliato da esperti<\/li>\n<\/ul>\n<h2>2016 nuova versione<\/h2>\n<p>In Escort, Redline \u00e8 sinonimo di massime prestazioni. La nuova versione europea 2016 del Realien offre per la prima volta la localizzazione di MRCD \/ CT in un rilevatore radar mobile. Questo radar a bassa potenza \u00e8 molto difficile da individuare. L&#8217;antenna radar estremamente sensibile con elaborazione digitale del segnale lo rileva in tempo per proteggerti dai fastidiosi biglietti del parcheggio. La tecnologia Total Shield rende inoltre il rilevatore radar invisibile ai dispositivi di localizzazione della polizia.<\/p>\n<h2>Purtroppo nessun GPS<\/h2>\n<p>Sfortunatamente, il rilevatore radar Escort Redline \u00e8 attualmente ancora consegnato senza GPS. Ci\u00f2 significa che non \u00e8 possibile alcun avviso di PDI da un database di autovelox. I clienti che desiderano una protezione aggiuntiva tramite avvisi GPS o POI dovrebbero utilizzare un Genevo One S &#8220;Black Edition&#8221; o Escort Passport Max.<\/p>\n<div id=\"hinweis\" class=\"anker\"><\/div>\n<h2>Nota per i rilevatori radar mobili!<\/h2>\n<p>Prima di acquistare un rilevatore radar portatile, \u00e8 importante verificare se il tuo veicolo \u00e8 dotato di un vetro con rivestimento speciale in metallo (parabrezza per il comfort climatico), poich\u00e9 qui non \u00e8 possibile rilevare i raggi radar con un rilevatore mobile. Ci\u00f2 riguarda meno del 5% dei veicoli. Il rilevatore radar non \u00e8 in grado di fornire un avviso adeguato! Se scopri che il tuo veicolo \u00e8 interessato, abbiamo molte altre soluzioni pronte per te. Ad esempio il set della <a href=\"https:\/\/www.efficient-technologies.at\/produkt\/genevo-serie-radarwarner-set\/\" target=\"_blank\" rel=\"noopener\">serie Genevo+<\/a> composto da Genevo GPS+ e Genevo UHD+ ad un prezzo speciale. O un altro vincitore del test della categoria <a href=\"https:\/\/www.efficient-technologies.at\/produkt-kategorie\/radarwarner\/radarwarnung-festeinbau\/\" target=\"_blank\" rel=\"noopener\">di rilevatori radar a montaggio fisso<\/a> .<\/p>\n<p>&nbsp;<\/p>\n<h4>Volume di consegna Escort Redline<\/h4>\n<ul>\n<li>Rilevatore radar Escort Redline MRCD \/ CT versione Europa<\/li>\n<li>Accessori completi per il montaggio sul parabrezza (ventose)<\/li>\n<li>Cavo di alimentazione per accendisigari (12 V)<\/li>\n<li>Pratica borsa per il trasporto<\/li>\n<li>manuale operativo<\/li>\n<\/ul>\n","protected":false},"excerpt":{"rendered":"<ul>\n<li>Rilevamento CD \/ CT Multaradar<\/li>\n<li>Non pu\u00f2 essere rintracciato tramite la tecnologia Total Shield<\/li>\n<li>Segmentazione in banda K e Ka<\/li>\n<li>Rilevatore radar mobile di fascia alta<\/li>\n<li>Avvertimento a 360 gradi di misurazioni radar e laser<\/li>\n<li>Versione europea speciale<\/li>\n<\/ul>\n","protected":false},"featured_media":865,"comment_status":"open","ping_status":"closed","template":"","meta":{"_kad_post_transparent":"","_kad_post_title":"","_kad_post_layout":"","_kad_post_sidebar_id":"","_kad_post_content_style":"","_kad_post_vertical_padding":"","_kad_post_feature":"","_kad_post_feature_position":"","_kad_post_header":false,"_kad_post_footer":false,"_kad_post_classname":""},"product_brand":[],"product_cat":[933,1042],"product_tag":[384,427],"class_list":{"0":"post-3964","1":"product","2":"type-product","3":"status-publish","4":"has-post-thumbnail","6":"product_cat-escort-it","7":"product_cat-rilevatore-di-radar-mobile","8":"product_tag-scorta","9":"product_tag-linea-rossa","11":"first","12":"instock","13":"taxable","14":"shipping-taxable","15":"purchasable","16":"product-type-simple","17":"entry","18":"content-bg","19":"loop-entry"},"jetpack_sharing_enabled":true,"_links":{"self":[{"href":"https:\/\/radar-shop.com\/it\/wp-json\/wp\/v2\/product\/3964","targetHints":{"allow":["GET"]}}],"collection":[{"href":"https:\/\/radar-shop.com\/it\/wp-json\/wp\/v2\/product"}],"about":[{"href":"https:\/\/radar-shop.com\/it\/wp-json\/wp\/v2\/types\/product"}],"replies":[{"embeddable":true,"href":"https:\/\/radar-shop.com\/it\/wp-json\/wp\/v2\/comments?post=3964"}],"wp:featuredmedia":[{"embeddable":true,"href":"https:\/\/radar-shop.com\/it\/wp-json\/wp\/v2\/media\/865"}],"wp:attachment":[{"href":"https:\/\/radar-shop.com\/it\/wp-json\/wp\/v2\/media?parent=3964"}],"wp:term":[{"taxonomy":"product_brand","embeddable":true,"href":"https:\/\/radar-shop.com\/it\/wp-json\/wp\/v2\/product_brand?post=3964"},{"taxonomy":"product_cat","embeddable":true,"href":"https:\/\/radar-shop.com\/it\/wp-json\/wp\/v2\/product_cat?post=3964"},{"taxonomy":"product_tag","embeddable":true,"href":"https:\/\/radar-shop.com\/it\/wp-json\/wp\/v2\/product_tag?post=3964"}],"curies":[{"name":"wp","href":"https:\/\/api.w.org\/{rel}","templated":true}]}}