{"id":3973,"date":"2016-12-11T14:56:02","date_gmt":"2021-12-30T12:48:18","guid":{"rendered":"https:\/\/radar-shop.com\/produkt\/rilevatore-radar-genevo-one\/"},"modified":"2025-05-22T21:20:32","modified_gmt":"2025-05-22T19:20:32","slug":"rilevatore-radar-genevo-one","status":"publish","type":"product","link":"https:\/\/radar-shop.com\/it\/prodotto\/rilevatore-radar-genevo-one\/","title":{"rendered":"Rilevatore radar Genevo One"},"content":{"rendered":"<pre><a href=\"#hinweis\">Bitte beachten Sie folgendes vor Ihrer Bestellung.<\/a><\/pre>\n<p><strong>Rilevatore radar Genevo One<\/strong><\/p>\n<h2>Piccolo, economico e dannatamente buono.<\/h2>\n<ul>\n<li>G1 offre il miglior rapporto prezzo\/prestazioni<\/li>\n<li>Genevo One \u00e8 il pi\u00f9 piccolo rilevatore radar GPS mobile con antenna radar per autovelox mobili<\/li>\n<li>Rilevamento a 360\u00b0 di tutte le comuni bande radar in Europa<\/li>\n<li>Rilevamento di misurazioni laser<\/li>\n<li>Rilevamento delle misurazioni di Section Control tramite GPS<\/li>\n<li>Radar fissi tramite GPS<\/li>\n<li>Telecamere a luci rosse tramite GPS<\/li>\n<li>Database GPS aggiornabile<\/li>\n<li>Funzionamento e aggiornamenti pi\u00f9 semplici<\/li>\n<li>Gli allarmi e il funzionamento sono in tedesco<\/li>\n<li>Versione UE senza costi aggiuntivi<\/li>\n<li>Aggiungi o rimuovi facilmente i tuoi PDI durante la guida<\/li>\n<li>Illuminazione display regolabile su 3 livelli<\/li>\n<li>Supporto verticale per una migliore scansione della frequenza e pi\u00f9 opzioni di montaggio (opzionale)<\/li>\n<li>Cavo di installazione fisso per soluzioni di installazione ordinate (opzionale)<\/li>\n<\/ul>\n<h2>Sfida<\/h2>\n<p>Genevo One \u00e8 il pi\u00f9 piccolo rivelatore radar \u201creale\u201d. Gli avvisi radar, laser e GPS aiutano in modo efficiente a evitare multe radar. Genevo One \u00e8 solo la met\u00e0 delle dimensioni della concorrenza. Una vera sfida. Anche con il prezzo.<\/p>\n<h2><\/h2>\n<div id=\"hinweis\" class=\"anker\"><\/div>\n<h2>Nota per i rilevatori radar mobili!<\/h2>\n<p>Prima di acquistare un rilevatore radar portatile, \u00e8 importante verificare se il tuo veicolo \u00e8 dotato di un vetro con rivestimento speciale in metallo (parabrezza per il comfort climatico), poich\u00e9 qui non \u00e8 possibile rilevare i raggi radar con un rilevatore mobile. Ci\u00f2 riguarda meno del 5% dei veicoli. Il rilevatore radar non \u00e8 in grado di fornire un avviso adeguato! Se scopri che il tuo veicolo \u00e8 interessato, abbiamo molte altre soluzioni pronte per te. Ad esempio il set della <a href=\"https:\/\/www.efficient-technologies.at\/produkt\/genevo-serie-radarwarner-set\/\" target=\"_blank\" rel=\"noopener noreferrer\">serie Genevo+<\/a> composto da Genevo GPS+ e Genevo UHD+ ad un prezzo speciale. O un altro vincitore del test della categoria <a href=\"https:\/\/www.efficient-technologies.at\/produkt-kategorie\/radarwarner\/radarwarnung-festeinbau\/\" target=\"_blank\" rel=\"noopener noreferrer\">di rilevatori radar a montaggio fisso<\/a> .<\/p>\n<h2>Ordina gli accessori allo stesso tempo &#8211; assicurati un vantaggio di prezzo!<\/h2>\n<ul>\n<li>\n<ul>\n<li><strong>Supporto verticale<\/strong><br \/>\nIl supporto verticale ha evidenti vantaggi in termini di tempi di preavviso, soprattutto nella banda Ka, che \u00e8 cos\u00ec importante per l&#8217;Austria.<\/li>\n<li><strong>Cavo di installazione<\/strong><br \/>\nUn cavo sottile e dritto per il collegamento alla scatola dei fusibili. Sembra molto pi\u00f9 bello nel veicolo ed \u00e8 meno evidente dei cavi per l&#8217;accendisigari.<\/li>\n<li><b>Supporto per parasole<\/b><br \/>\nStaffa per un montaggio discreto sull&#8217;aletta parasole. In alcuni veicoli, la posizione dell&#8217;aletta parasole pu\u00f2 compromettere la ricezione del GPS.<\/li>\n<\/ul>\n<ul>\n<li><strong>Chiave di licenza per aggiornamenti permanenti del database UE<\/strong><br \/>\nAcquisisci una chiave di licenza per aggiornamenti permanenti del database UE del Genevo One S.<\/li>\n<\/ul>\n<\/li>\n<\/ul>\n<h3><a href=\"https:\/\/www.efficient-technologies.at\/produkt\/genevo-one-serie-zubehoer\/\" target=\"_blank\" rel=\"noopener noreferrer\">Clicca qui per vedere gli accessori Genevo<\/a> .<\/h3>\n<p>&nbsp;<\/p>\n<h4>Volume di consegna Genevo One<\/h4>\n<ul>\n<li>Dispositivo Genevo One<\/li>\n<li>Staffa incl. 2 ventose<\/li>\n<li>Cavo di alimentazione per presa 12V<\/li>\n<li>Database per l&#8217;UE incluso<\/li>\n<li>PDF istruzioni in tedesco<\/li>\n<li>24 mesi di garanzia<\/li>\n<\/ul>\n","protected":false},"excerpt":{"rendered":"<ul>\n<li>il pi\u00f9 piccolo rivelatore radar &#8220;reale&#8221;<\/li>\n<li>Avviso di anticipo radar, laser e GPS<\/li>\n<li>met\u00e0 delle dimensioni della concorrenza<\/li>\n<li>perfettamente abbinato per l&#8217;Austria<\/li>\n<li>Il servizio di lingua tedesca pi\u00f9 semplice<\/li>\n<\/ul>\n","protected":false},"featured_media":620,"comment_status":"open","ping_status":"closed","template":"","meta":{"_kad_post_transparent":"","_kad_post_title":"","_kad_post_layout":"","_kad_post_sidebar_id":"","_kad_post_content_style":"","_kad_post_vertical_padding":"","_kad_post_feature":"","_kad_post_feature_position":"","_kad_post_header":false,"_kad_post_footer":false,"_kad_post_classname":""},"product_brand":[],"product_cat":[1042,942],"product_tag":[382,444,388,445],"class_list":{"0":"post-3973","1":"product","2":"type-product","3":"status-publish","4":"has-post-thumbnail","6":"product_cat-rilevatore-di-radar-mobile","7":"product_cat-genevo-it","8":"product_tag-ginevra","9":"product_tag-genevo-one-it","10":"product_tag-rilevatore-radar","11":"product_tag-rilevatori-radar-mobili","13":"first","14":"instock","15":"taxable","16":"shipping-taxable","17":"purchasable","18":"product-type-simple","19":"entry","20":"content-bg","21":"loop-entry"},"jetpack_sharing_enabled":true,"_links":{"self":[{"href":"https:\/\/radar-shop.com\/it\/wp-json\/wp\/v2\/product\/3973","targetHints":{"allow":["GET"]}}],"collection":[{"href":"https:\/\/radar-shop.com\/it\/wp-json\/wp\/v2\/product"}],"about":[{"href":"https:\/\/radar-shop.com\/it\/wp-json\/wp\/v2\/types\/product"}],"replies":[{"embeddable":true,"href":"https:\/\/radar-shop.com\/it\/wp-json\/wp\/v2\/comments?post=3973"}],"wp:featuredmedia":[{"embeddable":true,"href":"https:\/\/radar-shop.com\/it\/wp-json\/wp\/v2\/media\/620"}],"wp:attachment":[{"href":"https:\/\/radar-shop.com\/it\/wp-json\/wp\/v2\/media?parent=3973"}],"wp:term":[{"taxonomy":"product_brand","embeddable":true,"href":"https:\/\/radar-shop.com\/it\/wp-json\/wp\/v2\/product_brand?post=3973"},{"taxonomy":"product_cat","embeddable":true,"href":"https:\/\/radar-shop.com\/it\/wp-json\/wp\/v2\/product_cat?post=3973"},{"taxonomy":"product_tag","embeddable":true,"href":"https:\/\/radar-shop.com\/it\/wp-json\/wp\/v2\/product_tag?post=3973"}],"curies":[{"name":"wp","href":"https:\/\/api.w.org\/{rel}","templated":true}]}}