{"id":4046,"date":"2021-12-11T16:38:59","date_gmt":"2021-12-30T12:49:19","guid":{"rendered":"https:\/\/radar-shop.com\/produkt\/booster-audio-e-suono-attivo\/"},"modified":"2025-05-23T06:55:20","modified_gmt":"2025-05-23T04:55:20","slug":"soundbooster-suono-attivo","status":"publish","type":"product","link":"https:\/\/radar-shop.com\/it\/prodotto\/soundbooster-suono-attivo\/","title":{"rendered":"Booster audio e suono attivo"},"content":{"rendered":"<p><strong>Booster audio e suono attivo<\/strong><\/p>\n<h2>Divertimento di guida con il suono di un&#8217;auto sportiva per tutti i veicoli<\/h2>\n<ul>\n<li>Suono sportivo V8 per quasi tutti i motori diesel o benzina<\/li>\n<li>Integrazione invisibile nel veicolo<\/li>\n<li>Scegli tra migliaia di combinazioni di suoni<\/li>\n<li>Controllo tramite pulsanti originali esistenti<\/li>\n<li>Controllo anche tramite iPhone e app Android<\/li>\n<li>Il funzionamento \u00e8 un gioco da ragazzi<\/li>\n<li>Disponibile in confezione a prezzo fisso comprensivo di montaggio<\/li>\n<li>Qualit\u00e0 dal leader di mercato<\/li>\n<\/ul>\n<h2>Cos&#8217;\u00e8 Active Sound?<\/h2>\n<p>Per dirla semplicemente, Active Sound \u00e8 un sistema di altoparlanti che crea un suono ingannevolmente reale del motore a benzina. Come mai? Perch\u00e9 i moderni veicoli diesel non sono solo economici, ma anche molto sportivi. Il suono, tuttavia, lascia molto a desiderare. Audi ha svolto un lavoro pionieristico e ha integrato il sistema di Eberspaecher nei suoi potenti modelli diesel. Nel frattempo, altri produttori come Maserati o Porsche sono saliti sul carro. Questo rende un diesel noioso un po&#8217; pi\u00f9 divertente. Certo, molto discretamente in termini di codice della strada. In modo che i veicoli con un Active Sound System installato in fabbrica o retrofit siano davvero divertenti e puoi utilizzare il volume completo incl. Per poter richiamare le opzioni di impostazione, \u00e8 necessario un amplificatore di suono. Ed \u00e8 qui che il grano viene separato dalla pula. Soundbooster non \u00e8 solo un soundbooster!<\/p>\n<h2>Cosa offre il nostro SoundBooster?<\/h2>\n<p>Il focus qui \u00e8 sul puro piacere di guida. Il nostro Soundbooster di Maxhaust offre possibilit\u00e0 quasi illimitate per adattare il suono alle tue idee e salvarlo in diversi profili.<\/p>\n<ul>\n<li>Profili audio illimitati possibili<\/li>\n<li>Finalmente scarica suoni completamente nuovi<\/li>\n<li>Il nostro modulo sonoro ha diversi suoni tra cui scegliere<\/li>\n<li>Collega fino a quattro attuatori<\/li>\n<li>Il Maxhaust Sound Module \u00e8 l&#8217;unico modulo sul mercato che supporta fino a quattro attuatori. Sia all&#8217;esterno, all&#8217;interno o nel vano motore. Suono perfetto in ogni posizione.<span class=\"Apple-converted-space\"> <\/span><\/li>\n<li>Adattamento di profili, mappe e suoni tramite l&#8217;app tramite Bluetooth<\/li>\n<li>I profili audio possono essere richiamati tramite l&#8217;app, i pulsanti originali e\/o l&#8217;interruttore dell&#8217;esperienza di guida<\/li>\n<li>Volume del minimo regolabile separatamente<\/li>\n<li>Volume dipendente dalla velocit\u00e0<\/li>\n<li>Volume dipendente dal carico<\/li>\n<li>Supporto all&#8217;avviamento del motore<\/li>\n<li>Corsa problematica<\/li>\n<li>mancata accensione<\/li>\n<li>Funzione equalizzatore: bassi, alti, intensit\u00e0<\/li>\n<li>Regolazione della velocit\u00e0 del cavalletto e del rumore di guida<\/li>\n<li>Modalit\u00e0 demo<\/li>\n<li>Personalizzazione e diagnostica del prodotto da remoto tramite l&#8217;app<\/li>\n<li>Installa gli aggiornamenti software gratuiti comodamente tramite l&#8217;app<\/li>\n<li>Nessun limite ai download quando si cambia veicolo<\/li>\n<li><span class=\"Apple-tab-span\">Salvataggio<\/span> della configurazione prima di un aggiornamento<\/li>\n<li>Pu\u00f2 essere spento in qualsiasi momento premendo un pulsante<\/li>\n<\/ul>\n<p>La preimpostazione dei profili audio \u00e8 un gioco da ragazzi con l&#8217;app disponibile per iPhone e Android. I diversi profili sonori possono quindi essere richiamati utilizzando i pulsanti originali del veicolo. Se il tuo veicolo \u00e8 dotato di un cosiddetto interruttore dell&#8217;esperienza di guida con il quale puoi richiamare diversi profili di guida come SPORT, DYNAMIC, ECO, ecc., di solito \u00e8 possibile assegnare un suono separato a ciascun programma di guida. Dal volume sottile in modalit\u00e0 ECO o NORMAL al suono forte e robusto di un&#8217;auto sportiva in modalit\u00e0 SPORT o DYNAMIC.<\/p>\n<h2>Su ordinazione:<\/h2>\n<ul>\n<li>Il set universale pu\u00f2 essere installato fondamentalmente su qualsiasi veicolo con un bus dati CAN. A condizione che ci sia spazio sufficiente. Questo bus dati CAN \u00e8 stato trovato in circa il 99% dei veicoli dal 2000. Chiedici! Sappiamo se il tuo veicolo \u00e8 compatibile. La programmazione pu\u00f2 essere effettuata dal cliente stesso tramite smartphone (iPhone o Android).<\/li>\n<li>Tuttavia, su richiesta sono disponibili anche kit di installazione specifici per il veicolo. Soprattutto per Audi A4 \/ A5 8K e A6 \/ A7 4G ciascuno con motore 3L TDI. Qui, l&#8217;Active Sound System pu\u00f2 essere equipaggiato con 2 attuatori sul silenziatore posteriore (ricambi originali Audi), proprio come in fabbrica. I nostri kit di retrofit contengono tutte le parti necessarie incl. amplificatore del suono.<\/li>\n<\/ul>\n<h2>Sono necessari 1, 2 o anche 4 attuatori?<\/h2>\n<p>La domanda \u00e8 pi\u00f9 se c&#8217;\u00e8 spazio per un secondo attuatore sonoro (altoparlante). Il secondo attuatore produrr\u00e0 sicuramente un suono un po&#8217; pi\u00f9 ricco. Ma di certo non \u00e8 necessario!<\/p>\n","protected":false},"excerpt":{"rendered":"<ul>\n<li>Suono da auto sportiva per il retrofit<\/li>\n<li>Integrazione invisibile nel veicolo<\/li>\n<li>Scegli tra migliaia di combinazioni di suoni<\/li>\n<li>Scarica suoni completi<\/li>\n<li>Simula un minimo irregolare o una mancata accensione<\/li>\n<li>Pu\u00f2 essere regolato da sottile ad aggressivo<\/li>\n<li>Controllo tramite pulsanti originali esistenti<\/li>\n<li>Controllo anche tramite iPhone e app Android<\/li>\n<li>Su richiesta come pacchetto a prezzo fisso incl. Assemblea<\/li>\n<\/ul>\n","protected":false},"featured_media":1031,"comment_status":"open","ping_status":"closed","template":"","meta":{"_kad_post_transparent":"","_kad_post_title":"","_kad_post_layout":"","_kad_post_sidebar_id":"","_kad_post_content_style":"","_kad_post_vertical_padding":"","_kad_post_feature":"","_kad_post_feature_position":"","_kad_post_header":false,"_kad_post_footer":false,"_kad_post_classname":""},"product_brand":[],"product_cat":[1091,948],"product_tag":[675,673,674,671],"class_list":{"0":"post-4046","1":"product","2":"type-product","3":"status-publish","4":"has-post-thumbnail","6":"product_cat-soundbooster-it","7":"product_cat-maxhaust-it","8":"product_tag-amplificatore-del-suono","9":"product_tag-maxhaust-it","10":"product_tag-retrofit","11":"product_tag-suono-attivo","13":"first","14":"instock","15":"taxable","16":"shipping-taxable","17":"purchasable","18":"product-type-simple","19":"entry","20":"content-bg","21":"loop-entry"},"jetpack_sharing_enabled":true,"_links":{"self":[{"href":"https:\/\/radar-shop.com\/it\/wp-json\/wp\/v2\/product\/4046","targetHints":{"allow":["GET"]}}],"collection":[{"href":"https:\/\/radar-shop.com\/it\/wp-json\/wp\/v2\/product"}],"about":[{"href":"https:\/\/radar-shop.com\/it\/wp-json\/wp\/v2\/types\/product"}],"replies":[{"embeddable":true,"href":"https:\/\/radar-shop.com\/it\/wp-json\/wp\/v2\/comments?post=4046"}],"wp:featuredmedia":[{"embeddable":true,"href":"https:\/\/radar-shop.com\/it\/wp-json\/wp\/v2\/media\/1031"}],"wp:attachment":[{"href":"https:\/\/radar-shop.com\/it\/wp-json\/wp\/v2\/media?parent=4046"}],"wp:term":[{"taxonomy":"product_brand","embeddable":true,"href":"https:\/\/radar-shop.com\/it\/wp-json\/wp\/v2\/product_brand?post=4046"},{"taxonomy":"product_cat","embeddable":true,"href":"https:\/\/radar-shop.com\/it\/wp-json\/wp\/v2\/product_cat?post=4046"},{"taxonomy":"product_tag","embeddable":true,"href":"https:\/\/radar-shop.com\/it\/wp-json\/wp\/v2\/product_tag?post=4046"}],"curies":[{"name":"wp","href":"https:\/\/api.w.org\/{rel}","templated":true}]}}