{"id":4091,"date":"2021-12-11T14:56:02","date_gmt":"2021-12-30T12:50:32","guid":{"rendered":"https:\/\/radar-shop.com\/produkt\/blocco-laser-prioritario-antilaser\/"},"modified":"2024-05-02T18:06:05","modified_gmt":"2024-05-02T16:06:05","slug":"anti-laser-priorita-laser-blocker","status":"publish","type":"product","link":"https:\/\/radar-shop.com\/it\/prodotto\/anti-laser-priorita-laser-blocker\/","title":{"rendered":"Blocco laser prioritario antilaser"},"content":{"rendered":"<pre><a href=\"#hinweis\">Bitte beachten Sie folgendes vor Ihrer Bestellung.<\/a><\/pre>\n<h2 style=\"text-align: left;\" align=\"center\"><strong>Antilaser Priority Laser Blocker Austria Edition 2020<\/strong><\/h2>\n<p style=\"text-align: left;\" align=\"center\">L&#8217;Antilaser Priority \u00e8 disponibile solo in Austria nella nuova Austria Edition. La speciale chiavetta USB ALP e un&#8217;antenna GPS sono fornite di serie. Pertanto, l&#8217;autorit\u00e0 difficilmente pu\u00f2 provare l&#8217;uso di un jammer laser proibito. Niente pi\u00f9 funzioni laser al di sotto di una velocit\u00e0 definita. Se la chiavetta USB speciale \u00e8 piegata (non riconoscibile visivamente), il sistema non pu\u00f2 pi\u00f9 essere utilizzato. Con questa Austria Edition, Antilaser vuole adeguarsi alle nuove leggi austriache per continuare a offrire all&#8217;utente una sensazione di sicurezza.<\/p>\n<h2>Con Priority, Antilaser offre una protezione al 100% contro le misurazioni laser &#8211; legale come sensore di parcheggio!<\/h2>\n<ul>\n<li>20% in pi\u00f9 di prestazioni nel rilevamento delle pistole laser rispetto alla concorrenza<\/li>\n<li>pi\u00f9 fino al 100% di potenza in pi\u00f9 quando si bloccano le pistole laser<\/li>\n<li>Fino a 5 sensori possibili<\/li>\n<li>Sensore pi\u00f9 piccolo del 45% rispetto ad AL G9 RX<\/li>\n<li>Aggiornamenti via Internet e USB Sick<\/li>\n<li>Impostazioni tramite USB o pannello di controllo<\/li>\n<li>Collegamento delle antenne radar di Genevo, Beltronics, Stealth e Valentine1<\/li>\n<li>Controllo tramite app tramite modulo Bluetooth (opzionale)<\/li>\n<li>Connessione GPS (opzionale)<\/li>\n<li>CPU fino al 400% pi\u00f9 veloce di AL G9 RX<\/li>\n<\/ul>\n<h2>AL Priority, l&#8217;assistente di parcheggio contro le multe<\/h2>\n<p>La nuova AL Priority \u00e8 stata sviluppata per proteggere te e il tuo veicolo da tutti i tipi di misurazione laser. I componenti sono realizzati secondo gli standard militari. Come il telemetro militare e il tachimetro laser della polizia, anche il laser blocker Antilaser Priority utilizza diodi laser speciali che funzionano nel campo di lavoro della lunghezza d&#8217;onda di 905 nm. Rispetto ai diodi emettitori di luce, utilizzati per alcuni classici sensori a infrarossi, la potenza del laser \u00e8 cento volte maggiore. Il nuovo Antilaser Priority utilizza solo la tecnologia pi\u00f9 recente. Grazie all&#8217;elevata precisione, anche l&#8217;interferenza di altre luci, come i raggi solari, non \u00e8 un problema. Anche i veicoli con LCC (Laser Cruise Control) sono perfettamente filtrati.<\/p>\n<h2>Con Priority Laser Blocker, Antilaser stabilisce un nuovo record mondiale!<\/h2>\n<p>Il blocco laser Antilaser Priority non solo aiuta contro le misurazioni laser da pistole laser. Sempre pi\u00f9 sistemi di misura fissi con tecnologia laser, come la Poliscan Speed Tower di Vitronic, stanno inseguendo i conducenti veloci. Anche in questo caso l&#8217;Antilaser Priority offre una protezione sufficiente contro le multe per il parcheggio.<br \/>\nLegale come sensore di parcheggio (la funzione di parcheggio pu\u00f2 essere disattivata), il nuovo AL Priority &#8211; in breve ALP &#8211; invia continuamente segnali laser e rileva quando questi vengono riflessi da un ostacolo per avvisare il guidatore. Quindi misurazione laser invece di ultrasuoni.<\/p>\n<h2>Su ordinazione:<\/h2>\n<h3>1-5 sensori<\/h3>\n<ul>\n<li><strong>1 sensore<\/strong> sulla parte anteriore spazia dalle auto sportive ai veicoli di fascia media.<\/li>\n<li><strong>2 sensori<\/strong> nella parte anteriore sono consigliati per auto di fascia media e SUV.<\/li>\n<li><strong>3 sensori<\/strong> nella parte anteriore sono necessari solo per veicoli estremamente grandi.<\/li>\n<li><strong>1-2 sensori<\/strong> possono essere montati anche nella parte posteriore per proteggere il veicolo dalle misurazioni posteriori.<\/li>\n<\/ul>\n<h3>Tastiere opzionali<\/h3>\n<ul>\n<li><strong>Unit\u00e0 di controllo PLUS<\/strong> &#8211; offre un altoparlante esterno e il funzionamento tramite un solo pulsante. Quindi molto sottile.<\/li>\n<li><strong>Pannello di controllo HIFI<\/strong> &#8211; dispone di un altoparlante esterno ed emette tutti i messaggi in tedesco. Questo rende la navigazione nel menu molto pi\u00f9 semplice.<\/li>\n<\/ul>\n<h3>Estensioni per la priorit\u00e0 AL<\/h3>\n<ul>\n<li>Con <strong>Radar Plugin<\/strong> Antilaser descrive l&#8217;estensione per la Priorit\u00e0, che consente di collegare antenne radar. Attualmente sono compatibili Beltronics 975, STiR+ e STiR+ M-Edition, Genevo HD+, Stealth e Valentine1. In questo modo, Antilaser Priority si trasforma da laser blocker a radar detector a installazione fissa con protezione laser.<\/li>\n<li>Il <strong>plug-in Bluetooth<\/strong> rende abilitato il Bluetooth con priorit\u00e0 AL. Quindi, se preferisci usare il tuo cellulare al posto del pannello di controllo anti-laser, questa estensione Bluetooth \u00e8 ora disponibile per te. Ci\u00f2 significa che il pannello di controllo anti-laser pu\u00f2 essere omesso e all&#8217;interno non si vede nulla. Quindi, se usi entrambi gli adattatori, ottieni rilevatori radar come allarmi di blocco laser tramite l&#8217;app del telefono cellulare. La necessaria app ALP Connect \u00e8 disponibile gratuitamente per Android e iOS. Se il cellulare non c&#8217;\u00e8, gli allarmi tornano dalla centrale.<\/li>\n<\/ul>\n<h3>tester laser<\/h3>\n<ul>\n<li>Il tester di blocco laser anti-laser \u00e8 un dispositivo di prova utile per i partner di installazione o i clienti finali. Ci\u00f2 ti consente di verificare in qualsiasi momento se il tuo laser blocker \u00e8 davvero pronto per l&#8217;uso e regolato correttamente. Con esso pu\u00f2 essere testata anche la funzione di avviso laser di altri rilevatori radar o laser blocker.<\/li>\n<\/ul>\n<h2>Installazione nel veicolo<\/h2>\n<p>Ciascun set di priorit\u00e0 AL contiene tutte le parti necessarie per l&#8217;assemblaggio. \u00c8 necessario prevedere uno sforzo di installazione di 1-2 ore (anteriore) o 3-4 ore (anteriore e posteriore). Preferibilmente a casa nostra. Con oltre 20 anni di esperienza, siamo sinonimo di massima competenza.<\/p>\n<h3><\/h3>\n<div id=\"hinweis\" class=\"anker\"><\/div>\n<h3>Avviso legale!<\/h3>\n<p>Informazioni importanti sull&#8217;emendamento nella KFG austriaca (legge sui veicoli a motore) che vieta l&#8217;uso di dispositivi di disturbo laser. Segnaliamo a tutti i clienti che la funzione di malfunzionamento disponibile opzionalmente in questo dispositivo \u00e8 vietata dalla legge in Austria dal 2017. In altri paesi, anche l&#8217;avviso di misurazioni radar o laser \u00e8 un reato. Ovviamente ti aiuteremo a configurare il tuo dispositivo in conformit\u00e0 con la legislazione del tuo paese.<\/p>\n<p>Estratto da KFG Austria 2017:<\/p>\n<p><em>&#8220;Radar o blocco laser&#8221;<\/em><\/p>\n<ul>\n<li><em>98a. (1) I dispositivi o gli oggetti con i quali i dispositivi tecnici per il monitoraggio del traffico possono essere influenzati o disturbati non devono essere fissati o in veicoli a motore e non devono essere trasportati in veicoli a motore.<\/em><\/li>\n<\/ul>\n<p><em>(2) Violazioni della disposizione del par. 1 sono imputabili sia al conducente che al titolare del veicolo iscritto all&#8217;albo.<\/em><\/p>\n<p><em>(3) Sono nel par. 1 dispositivi od oggetti scoperti su o all&#8217;interno dei veicoli, gli organi del servizio di pubblica sicurezza o il controllore stradale hanno il diritto di adottare misure coercitive per impedire ulteriori spostamenti fino a quando tali dispositivi od oggetti non siano stati rimossi. Questi dispositivi o oggetti sono da dichiarare scaduti&#8221;.<\/em><\/p>\n<h4>Aggiornamento: per questo motivo, i prodotti Antilaser Priority verranno consegnati in set dal 6\/2020 dal produttore con il modulo GPS e la chiavetta USB AL Priority!<\/h4>\n<p>&nbsp;<\/p>\n<h4>AL Priority \u00e8 stato testato con successo contro &#8230;<\/h4>\n<ul>\n<li>LTI &#8211; Marksman 20.20, Multalaser, LTI &#8211; UltraLyte, LR, 100, 100LR, 200, 200LR, Compatto, LRB<\/li>\n<li>Redflex &#8211; Lasercam, Lasercam NT, Jenoptik &#8211; LaserPatrol, Jenoptik &#8211; Laveg, Video-Laveg<\/li>\n<li>Multanova &#8211; StarLaser, Robot &#8211; TraffiPatrol V, Sagem &#8211; MestaLaser, Sagem &#8211; EUROLaser<\/li>\n<li>Truvelo &#8211; Lidar, D-Cam, Kustom &#8211; ProLaser I, ProLaser II, ProLaser III<\/li>\n<li>Kustom &#8211; Pro-Lite, Kustom &#8211; LaserCam II, Riegl &#8211; LR90-235, Riegel VX2 \/ 3<\/li>\n<li>Stalker &#8211; LZ-1, Laser Atlanta &#8211; SpeedLaser, S, R, modalit\u00e0 Stealth<\/li>\n<li>Cleartone &#8211; Stealth SpeedLaser, Fama &#8211; famaLaser II, Fama &#8211; famaShot III<\/li>\n<li>Osservatore del traffico &#8211; LMS 291\/221\/04\/05, NJL Kft &#8211; SCS-101\/SCS-102, Robot &#8211; TraffiPatrol XR<\/li>\n<li>Riegl &#8211; FG21-P, LTI &#8211; TruSpeed, LTI &#8211; TruSpeed 2, LTI &#8211; TruCam<\/li>\n<li>Vitronic &#8211; PoliscanSpeed, Camea &#8211; Controllo sezioni Unicam, Unipar &#8211; SL700<\/li>\n<\/ul>\n<h4>Dimensioni<\/h4>\n<ul>\n<li>Unit\u00e0 di controllo: 100x22x40 mm<\/li>\n<li>Sensori: 30x14x57 mm<\/li>\n<li>Unit\u00e0 di controllo: 56x27x6 mm<\/li>\n<\/ul>\n<p>Il laboratorio dell&#8217;UE ha confermato la classe laser 1: Il &#8220;Centro di ricerca austriaco&#8221; &#8211; ARC ha confermato che AL Priority corrisponde allo standard di sicurezza internazionale per quanto riguarda la protezione dalle radiazioni laser, in particolare lo standard IEC 60825-1. Tale conferma \u00e8 obbligatoria per tutti i prodotti dotati di sorgente laser o LED e immessi sul mercato nell&#8217;Unione Europea. Le sanzioni per i produttori e\/o distributori di prodotti laser non confermati sono severe. AL Priority \u00e8 certificato come dispositivo laser di classe 1, il che significa che il raggio laser in bundle ha una grande larghezza ed \u00e8 sicuro per l&#8217;uso in tutte le condizioni di lavoro prevedibili in modo intelligente. Ovviamente, non \u00e8 consigliabile esaminare il raggio laser in bundle di qualsiasi dispositivo laser, indipendentemente dalla sua classificazione.<\/p>\n<p>&nbsp;<\/p>\n","protected":false},"excerpt":{"rendered":"<ul>\n<li>Antilaser \u00e8 il vincitore del test da molti anni!<\/li>\n<li>20% di potenza in pi\u00f9 quando si rilevano pistole laser<\/li>\n<li>Fino al 100% di potenza in pi\u00f9 quando si bloccano le pistole laser<\/li>\n<li>Fino a 5 sensori possibili<\/li>\n<li>Sensori pi\u00f9 piccoli del 45%<\/li>\n<li>Pu\u00f2 essere ampliato per creare un sistema di rilevamento radar completo<\/li>\n<li>Pu\u00f2 essere aggiornato via Internet<\/li>\n<\/ul>\n","protected":false},"featured_media":580,"comment_status":"open","ping_status":"closed","template":"","meta":{"_kad_post_transparent":"","_kad_post_title":"","_kad_post_layout":"","_kad_post_sidebar_id":"","_kad_post_content_style":"","_kad_post_vertical_padding":"","_kad_post_feature":"","_kad_post_feature_position":"","_kad_post_header":false,"_kad_post_footer":false,"_kad_post_classname":""},"product_brand":[],"product_cat":[1036,1040,918],"product_tag":[765,381,766],"class_list":{"0":"post-4091","1":"product","2":"type-product","3":"status-publish","4":"has-post-thumbnail","6":"product_cat-disturbatore-laser","7":"product_cat-raccomandazione-del-rilevatore-di-radar","8":"product_cat-antilaser-it","9":"product_tag-anti-laser-it","10":"product_tag-blocco-laser","11":"product_tag-priorita","13":"first","14":"instock","15":"sale","16":"taxable","17":"shipping-taxable","18":"purchasable","19":"product-type-variable","20":"has-default-attributes","21":"entry","22":"content-bg","23":"loop-entry"},"jetpack_sharing_enabled":true,"_links":{"self":[{"href":"https:\/\/radar-shop.com\/it\/wp-json\/wp\/v2\/product\/4091","targetHints":{"allow":["GET"]}}],"collection":[{"href":"https:\/\/radar-shop.com\/it\/wp-json\/wp\/v2\/product"}],"about":[{"href":"https:\/\/radar-shop.com\/it\/wp-json\/wp\/v2\/types\/product"}],"replies":[{"embeddable":true,"href":"https:\/\/radar-shop.com\/it\/wp-json\/wp\/v2\/comments?post=4091"}],"wp:featuredmedia":[{"embeddable":true,"href":"https:\/\/radar-shop.com\/it\/wp-json\/wp\/v2\/media\/580"}],"wp:attachment":[{"href":"https:\/\/radar-shop.com\/it\/wp-json\/wp\/v2\/media?parent=4091"}],"wp:term":[{"taxonomy":"product_brand","embeddable":true,"href":"https:\/\/radar-shop.com\/it\/wp-json\/wp\/v2\/product_brand?post=4091"},{"taxonomy":"product_cat","embeddable":true,"href":"https:\/\/radar-shop.com\/it\/wp-json\/wp\/v2\/product_cat?post=4091"},{"taxonomy":"product_tag","embeddable":true,"href":"https:\/\/radar-shop.com\/it\/wp-json\/wp\/v2\/product_tag?post=4091"}],"curies":[{"name":"wp","href":"https:\/\/api.w.org\/{rel}","templated":true}]}}