{"id":6526,"date":"2018-12-01T13:17:01","date_gmt":"2022-12-01T12:17:01","guid":{"rendered":"https:\/\/radar-shop.com\/produkt\/antilaser-priority-tester\/"},"modified":"2024-05-02T18:06:05","modified_gmt":"2024-05-02T16:06:05","slug":"antilaser-priority-tester","status":"publish","type":"product","link":"https:\/\/radar-shop.com\/it\/prodotto\/antilaser-priority-tester\/","title":{"rendered":"Antilaser Priority Tester"},"content":{"rendered":"<h2>Dispositivo di prova del blocco laser e del rilevatore radar Antilaser<\/h2>\n<p>Perfetto per testare il vostro Antilaser AL Priority o altri blocchi laser e rilevatori radar. Il tester \u00e8 in grado di simulare diverse pistole laser e quindi di verificare il funzionamento del sistema di segnalazione radar laser. Il tester Antilaser Laser Blocker \u00e8 un dispositivo di prova assolutamente utile per i partner di installazione o i clienti finali. Con esso \u00e8 possibile verificare in qualsiasi momento se il blocco laser \u00e8 davvero pronto per l&#8217;uso e se \u00e8 stato regolato correttamente. Pu\u00f2 anche essere utilizzato per testare la funzione di avviso laser di altri bloccatori laser o rilevatori radar.<\/p>\n","protected":false},"excerpt":{"rendered":"<p>Con il tester anti-laser, potete facilmente verificare in qualsiasi momento se il vostro anti-laser \u00e8 davvero pronto per l&#8217;uso e se \u00e8 stato regolato correttamente. \u00c8 possibile testare anche altri blocchi laser o rilevatori radar.<\/p>\n","protected":false},"featured_media":6520,"comment_status":"open","ping_status":"closed","template":"","meta":{"_kad_post_transparent":"","_kad_post_title":"","_kad_post_layout":"","_kad_post_sidebar_id":"","_kad_post_content_style":"","_kad_post_vertical_padding":"","_kad_post_feature":"","_kad_post_feature_position":"","_kad_post_header":false,"_kad_post_footer":false,"_kad_post_classname":""},"product_brand":[],"product_cat":[1088,1036,918],"product_tag":[],"class_list":{"0":"post-6526","1":"product","2":"type-product","3":"status-publish","4":"has-post-thumbnail","6":"product_cat-accessori-per-rilevatori-di-radar","7":"product_cat-disturbatore-laser","8":"product_cat-antilaser-it","10":"first","11":"instock","12":"taxable","13":"shipping-taxable","14":"purchasable","15":"product-type-simple","16":"entry","17":"content-bg","18":"loop-entry"},"jetpack_sharing_enabled":true,"_links":{"self":[{"href":"https:\/\/radar-shop.com\/it\/wp-json\/wp\/v2\/product\/6526","targetHints":{"allow":["GET"]}}],"collection":[{"href":"https:\/\/radar-shop.com\/it\/wp-json\/wp\/v2\/product"}],"about":[{"href":"https:\/\/radar-shop.com\/it\/wp-json\/wp\/v2\/types\/product"}],"replies":[{"embeddable":true,"href":"https:\/\/radar-shop.com\/it\/wp-json\/wp\/v2\/comments?post=6526"}],"wp:featuredmedia":[{"embeddable":true,"href":"https:\/\/radar-shop.com\/it\/wp-json\/wp\/v2\/media\/6520"}],"wp:attachment":[{"href":"https:\/\/radar-shop.com\/it\/wp-json\/wp\/v2\/media?parent=6526"}],"wp:term":[{"taxonomy":"product_brand","embeddable":true,"href":"https:\/\/radar-shop.com\/it\/wp-json\/wp\/v2\/product_brand?post=6526"},{"taxonomy":"product_cat","embeddable":true,"href":"https:\/\/radar-shop.com\/it\/wp-json\/wp\/v2\/product_cat?post=6526"},{"taxonomy":"product_tag","embeddable":true,"href":"https:\/\/radar-shop.com\/it\/wp-json\/wp\/v2\/product_tag?post=6526"}],"curies":[{"name":"wp","href":"https:\/\/api.w.org\/{rel}","templated":true}]}}